{"id":980,"date":"2017-11-07T16:34:55","date_gmt":"2017-11-07T15:34:55","guid":{"rendered":"http:\/\/ute-wucherpfennig.de\/?page_id=980"},"modified":"2021-07-21T11:09:59","modified_gmt":"2021-07-21T09:09:59","slug":"aktuelles","status":"publish","type":"page","link":"https:\/\/ute-wucherpfennig.de\/index.php\/aktuelles\/","title":{"rendered":"Aktuelles"},"content":{"rendered":"\n<style type=\"text\/css\" data-created_by=\"avia_inline_auto\" id=\"style-css-av-4lwddw-7e0353790072a8d44b20e79028b55da3\">\n.flex_column.av-4lwddw-7e0353790072a8d44b20e79028b55da3{\n-webkit-border-radius:0px 0px 0px 0px;\n-moz-border-radius:0px 0px 0px 0px;\nborder-radius:0px 0px 0px 0px;\npadding:0px 0px 0px 0px;\n}\n<\/style>\n<div class='flex_column av-4lwddw-7e0353790072a8d44b20e79028b55da3 av_three_fourth  avia-builder-el-0  el_before_av_three_fourth  avia-builder-el-first  first flex_column_div av-zero-column-padding '     ><style type=\"text\/css\" data-created_by=\"avia_inline_auto\" id=\"style-css-av-4dqiok-6f818da238c4f47bdcde3de4b4534a0c\">\n#top .av-special-heading.av-4dqiok-6f818da238c4f47bdcde3de4b4534a0c{\npadding-bottom:10px;\n}\nbody .av-special-heading.av-4dqiok-6f818da238c4f47bdcde3de4b4534a0c .av-special-heading-tag .heading-char{\nfont-size:25px;\n}\n.av-special-heading.av-4dqiok-6f818da238c4f47bdcde3de4b4534a0c .av-subheading{\nfont-size:15px;\n}\n<\/style>\n<div  class='av-special-heading av-4dqiok-6f818da238c4f47bdcde3de4b4534a0c av-special-heading-h3  avia-builder-el-1  avia-builder-el-no-sibling '><h3 class='av-special-heading-tag'  itemprop=\"headline\"  >Ver\u00f6ffentlichungen<\/h3><div class=\"special-heading-border\"><div class=\"special-heading-inner-border\"><\/div><\/div><\/div><\/div>\n\n<style type=\"text\/css\" data-created_by=\"avia_inline_auto\" id=\"style-css-av-47ml8s-1d0ca3bb115e775c996e2bed314b7073\">\n.flex_column.av-47ml8s-1d0ca3bb115e775c996e2bed314b7073{\n-webkit-border-radius:0px 0px 0px 0px;\n-moz-border-radius:0px 0px 0px 0px;\nborder-radius:0px 0px 0px 0px;\npadding:0px 0px 0px 0px;\n}\n<\/style>\n<div class='flex_column av-47ml8s-1d0ca3bb115e775c996e2bed314b7073 av_three_fourth  avia-builder-el-2  el_after_av_three_fourth  el_before_av_hr  first flex_column_div av-zero-column-padding column-top-margin'     ><section  class='av_textblock_section av-40acwc-a1748d0730b915c902b3f8783caf24ac'  itemscope=\"itemscope\" itemtype=\"https:\/\/schema.org\/CreativeWork\" ><div class='avia_textblock'  itemprop=\"text\" ><p><a href=\"https:\/\/ute-wucherpfennig.de\/wp-content\/uploads\/2017\/11\/dot.png\"><img loading=\"lazy\" class=\"alignnone wp-image-1084\" src=\"https:\/\/ute-wucherpfennig.de\/wp-content\/uploads\/2017\/11\/dot.png\" alt=\"\" width=\"9\" height=\"9\" \/><\/a> \u00a0\u00a0\u00a0 Steuerliche Hilfema\u00dfnahmen bei Sch\u00e4den infolge der Unwetter im Juli 2021<\/p>\n<p style=\"padding-left: 30px;\">Das Ministerium der Finanzen des Landes Nordrhein-Westfalen hat am 16.07.2021 unter dem Aktenzeichen S 1915-6\/48-V A 3 steuerliche Ma\u00dfnahmen zur Unterst\u00fctzung bekannt gegeben. Die Mitteilung (pdf.-Dokument) k\u00f6nnen Sie unter nachfolgendem Link herunterladen:<\/p>\n<p><a href=\"https:\/\/www.google.com\/url?sa=t&amp;rct=j&amp;q=&amp;esrc=s&amp;source=web&amp;cd=&amp;ved=2ahUKEwi68_re4fPxAhUy_7sIHUzsDt0QFjAAegQIBxAD&amp;url=https%3A%2F%2Fwww.finanzverwaltung.nrw.de%2Fsites%2Fdefault%2Ffiles%2Fasset%2Fdocument%2F2021-07-16_katastrophenerlass.pdf&amp;usg=AOvVaw21b_HEMKTAp_rJYwSYrG2H\">Ministerium der Finanzen des Landes Nordrhein-Westfalen, Az. S\u00a0 1915-6\/48-V A 3, vom 16.07.2021<\/a><\/p>\n<\/div><\/section><\/div><div  class='hr av-3u6mek-60477da943b73c1b2c137a9bbfac3627 hr-short  avia-builder-el-4  el_after_av_three_fourth  el_before_av_three_fourth  hr-left'><span class='hr-inner '><span class=\"hr-inner-style\"><\/span><\/span><\/div><\/p>\n\n<style type=\"text\/css\" data-created_by=\"avia_inline_auto\" id=\"style-css-av-47ml8s-1d0ca3bb115e775c996e2bed314b7073\">\n.flex_column.av-47ml8s-1d0ca3bb115e775c996e2bed314b7073{\n-webkit-border-radius:0px 0px 0px 0px;\n-moz-border-radius:0px 0px 0px 0px;\nborder-radius:0px 0px 0px 0px;\npadding:0px 0px 0px 0px;\n}\n<\/style>\n<div class='flex_column av-47ml8s-1d0ca3bb115e775c996e2bed314b7073 av_three_fourth  avia-builder-el-5  el_after_av_hr  el_before_av_hr  first flex_column_div av-zero-column-padding '     ><section  class='av_textblock_section av-40acwc-af99e88655d1a42c661cb610cb1b4967'  itemscope=\"itemscope\" itemtype=\"https:\/\/schema.org\/CreativeWork\" ><div class='avia_textblock'  itemprop=\"text\" ><p><a href=\"https:\/\/ute-wucherpfennig.de\/wp-content\/uploads\/2017\/11\/dot.png\"><img loading=\"lazy\" class=\"alignnone wp-image-1084\" src=\"https:\/\/ute-wucherpfennig.de\/wp-content\/uploads\/2017\/11\/dot.png\" alt=\"\" width=\"9\" height=\"9\" \/><\/a>\u00a0\u00a0\u00a0\u00a0 Die neue QM-Richtlinie f\u00fcr Krankenh\u00e4user<\/p>\n<p style=\"padding-left: 30px;\">Ein Exkurs zu den m\u00f6glichen Folgen der Nichtbeachtung (Teil 1)<\/p>\n<p style=\"padding-left: 30px;\">Prof. Dr. Becker, Wucherpfennig<\/p>\n<p style=\"padding-left: 30px;\">Das Krankenhaus 2017, 5.2017, S. 381 &#8211; 389<\/p>\n<p style=\"padding-left: 30px;\"><a href=\"https:\/\/ute-wucherpfennig.de\/wp-content\/uploads\/2017\/11\/Die-neue-QM-Richtlinie-f\u00fcr-Krankenh\u00e4user-Teil-1.pdf\">https:\/\/ute-wucherpfennig.de\/wp-content\/uploads\/2017\/11\/Die-neue-QM-Richtlinie-f\u00fcr-Krankenh\u00e4user-Teil-1.pdf<\/a><\/p>\n<\/div><\/section><\/div>\n<div  class='hr av-3u6mek-60477da943b73c1b2c137a9bbfac3627 hr-short  avia-builder-el-7  el_after_av_three_fourth  el_before_av_three_fourth  hr-left'><span class='hr-inner '><span class=\"hr-inner-style\"><\/span><\/span><\/div>\n\n<style type=\"text\/css\" data-created_by=\"avia_inline_auto\" id=\"style-css-av-3srgl0-8e45458d11a6a80fc1da4f3d25e45b9f\">\n.flex_column.av-3srgl0-8e45458d11a6a80fc1da4f3d25e45b9f{\n-webkit-border-radius:0px 0px 0px 0px;\n-moz-border-radius:0px 0px 0px 0px;\nborder-radius:0px 0px 0px 0px;\npadding:0px 0px 0px 0px;\n}\n<\/style>\n<div class='flex_column av-3srgl0-8e45458d11a6a80fc1da4f3d25e45b9f av_three_fourth  avia-builder-el-8  el_after_av_hr  el_before_av_hr  first flex_column_div av-zero-column-padding '     ><section  class='av_textblock_section av-3i4tw4-32987bbee25815210d36644c42b14b4f'  itemscope=\"itemscope\" itemtype=\"https:\/\/schema.org\/CreativeWork\" ><div class='avia_textblock'  itemprop=\"text\" ><p><a href=\"https:\/\/ute-wucherpfennig.de\/wp-content\/uploads\/2017\/11\/dot.png\"><img loading=\"lazy\" class=\"alignnone wp-image-1084\" src=\"https:\/\/ute-wucherpfennig.de\/wp-content\/uploads\/2017\/11\/dot.png\" alt=\"\" width=\"9\" height=\"9\" \/><\/a>\u00a0\u00a0\u00a0\u00a0 Die neue QM-Richtlinie f\u00fcr Krankenh\u00e4user<\/p>\n<p style=\"padding-left: 30px;\">Ein Exkurs zu den m\u00f6glichen Folgen der Nichtbeachtung (Teil 2)<\/p>\n<p style=\"padding-left: 30px;\">Wucherpfennig, Prof. Dr. Becker<\/p>\n<p style=\"padding-left: 30px;\">Das Krankenhaus 6.2017, S. 466 &#8211; 474<\/p>\n<p style=\"padding-left: 30px;\"><a href=\"https:\/\/ute-wucherpfennig.de\/wp-content\/uploads\/2017\/11\/Die-neue-QM-Richtlinie-f\u00fcr-Krankenh\u00e4user-Teil-2.pdf\">https:\/\/ute-wucherpfennig.de\/wp-content\/uploads\/2017\/11\/Die-neue-QM-Richtlinie-f\u00fcr-Krankenh\u00e4user-Teil-2.pdf<\/a><\/p>\n<\/div><\/section><\/div>\n<div  class='hr av-3g77pw-8c098e5e07ad729e9d04b8f36321c624 hr-default  avia-builder-el-10  el_after_av_three_fourth  avia-builder-el-last '><span class='hr-inner '><span class=\"hr-inner-style\"><\/span><\/span><\/div>\n","protected":false},"excerpt":{"rendered":"","protected":false},"author":5,"featured_media":0,"parent":0,"menu_order":0,"comment_status":"closed","ping_status":"closed","template":"","meta":[],"_links":{"self":[{"href":"https:\/\/ute-wucherpfennig.de\/index.php\/wp-json\/wp\/v2\/pages\/980"}],"collection":[{"href":"https:\/\/ute-wucherpfennig.de\/index.php\/wp-json\/wp\/v2\/pages"}],"about":[{"href":"https:\/\/ute-wucherpfennig.de\/index.php\/wp-json\/wp\/v2\/types\/page"}],"author":[{"embeddable":true,"href":"https:\/\/ute-wucherpfennig.de\/index.php\/wp-json\/wp\/v2\/users\/5"}],"replies":[{"embeddable":true,"href":"https:\/\/ute-wucherpfennig.de\/index.php\/wp-json\/wp\/v2\/comments?post=980"}],"version-history":[{"count":0,"href":"https:\/\/ute-wucherpfennig.de\/index.php\/wp-json\/wp\/v2\/pages\/980\/revisions"}],"wp:attachment":[{"href":"https:\/\/ute-wucherpfennig.de\/index.php\/wp-json\/wp\/v2\/media?parent=980"}],"curies":[{"name":"wp","href":"https:\/\/api.w.org\/{rel}","templated":true}]}}