{"id":644,"date":"2015-09-07T09:43:18","date_gmt":"2015-09-07T07:43:18","guid":{"rendered":"http:\/\/ute-wucherpfennig.de\/?page_id=644"},"modified":"2022-09-29T16:06:36","modified_gmt":"2022-09-29T14:06:36","slug":"steuerrecht","status":"publish","type":"page","link":"https:\/\/ute-wucherpfennig.de\/index.php\/steuerrecht-3\/steuerrecht\/","title":{"rendered":"Steuerrecht"},"content":{"rendered":"<div class='flex_column av-av_one_fourth-2a9015ff38129c418a3f2eafba3e9512 av_one_fourth  avia-builder-el-0  el_before_av_one_half  avia-builder-el-first  first flex_column_div '     ><style type=\"text\/css\" data-created_by=\"avia_inline_auto\" id=\"style-css-av-av_image-86829aa09429790909b1d4deb7eb1d79\">\n.avia-image-container.av-av_image-86829aa09429790909b1d4deb7eb1d79 img.avia_image{\nbox-shadow:none;\n}\n.avia-image-container.av-av_image-86829aa09429790909b1d4deb7eb1d79 .av-image-caption-overlay-center{\ncolor:#ffffff;\n}\n<\/style>\n<div  class='avia-image-container av-av_image-86829aa09429790909b1d4deb7eb1d79 av-styling-no-styling avia-align-  avia-builder-el-1  avia-builder-el-no-sibling '   itemprop=\"image\" itemscope=\"itemscope\" itemtype=\"https:\/\/schema.org\/ImageObject\" ><div class=\"avia-image-container-inner\"><div class=\"avia-image-overlay-wrap\"><img class='wp-image-722 avia-img-lazy-loading-not-722 avia_image ' src=\"https:\/\/ute-wucherpfennig.de\/wp-content\/uploads\/2015\/09\/Steuerrecht_300x1000px.jpg\" alt='' title='Steuerrecht_300x1000px'  height=\"1000\" width=\"300\"  itemprop=\"thumbnailUrl\" srcset=\"https:\/\/ute-wucherpfennig.de\/wp-content\/uploads\/2015\/09\/Steuerrecht_300x1000px.jpg 300w, https:\/\/ute-wucherpfennig.de\/wp-content\/uploads\/2015\/09\/Steuerrecht_300x1000px-90x300.jpg 90w\" sizes=\"(max-width: 300px) 100vw, 300px\" \/><\/div><\/div><\/div><\/div>\n\n<style type=\"text\/css\" data-created_by=\"avia_inline_auto\" id=\"style-css-av-av_one_half-2a64de42b738552fe666ca889af77e28\">\n.flex_column.av-av_one_half-2a64de42b738552fe666ca889af77e28{\n-webkit-border-radius:0px 0px 0px 0px;\n-moz-border-radius:0px 0px 0px 0px;\nborder-radius:0px 0px 0px 0px;\npadding:0px 0px 0px 0px;\n}\n<\/style>\n<div class='flex_column av-av_one_half-2a64de42b738552fe666ca889af77e28 av_one_half  avia-builder-el-2  el_after_av_one_fourth  el_before_av_one_fourth  flex_column_div av-zero-column-padding '     ><section  class='av_textblock_section av-av_textblock-0366cc7376be6c9e82a3e9cc8987b64f'  itemscope=\"itemscope\" itemtype=\"https:\/\/schema.org\/CreativeWork\" ><div class='avia_textblock'  itemprop=\"text\" ><h3><img loading=\"lazy\" class=\"alignnone size-full wp-image-367\" src=\"https:\/\/ute-wucherpfennig.de\/wp-content\/uploads\/2015\/08\/Wucherpfennig_Steuerrecht_Ikon.png\" alt=\"Wucherpfennig_Steuerrecht_Ikon\" width=\"130\" height=\"130\" srcset=\"https:\/\/ute-wucherpfennig.de\/wp-content\/uploads\/2015\/08\/Wucherpfennig_Steuerrecht_Ikon.png 130w, https:\/\/ute-wucherpfennig.de\/wp-content\/uploads\/2015\/08\/Wucherpfennig_Steuerrecht_Ikon-80x80.png 80w, https:\/\/ute-wucherpfennig.de\/wp-content\/uploads\/2015\/08\/Wucherpfennig_Steuerrecht_Ikon-36x36.png 36w, https:\/\/ute-wucherpfennig.de\/wp-content\/uploads\/2015\/08\/Wucherpfennig_Steuerrecht_Ikon-120x120.png 120w\" sizes=\"(max-width: 130px) 100vw, 130px\" \/><\/h3>\n<h3>Steuerrecht<\/h3>\n<p style=\"text-align: justify;\">Die T\u00e4tigkeit des Fachanwalts f\u00fcr Steuerrecht beginnt immer h\u00e4ufiger schon durch Einbeziehung in eine (streitige) Betriebspr\u00fcfung. Sp\u00e4testens wenn im Rahmen der Betriebspr\u00fcfung die Einleitung eines Steuerstrafverfahrens droht, oder sogar sogenannter \u201eFlankenschutz\u201c durch Ma\u00dfnahmen der Steuerfahndung (Steuerstrafrecht) angek\u00fcndigt wird, ist anwaltliche Hilfe dringend geboten.<\/p>\n<p style=\"text-align: justify;\">Eine rechtlich fundierte, anwaltliche Vertretung bereits in diesem Stadium kann h\u00e4ufig langwierige Einspruchs- und Klageverfahren und damit erheblichen Kosten- und Zeitverlust verhindern. Im Idealfall erfolgt die anwaltliche T\u00e4tigkeit in Zusammenarbeit mit Ihrem langj\u00e4hrigen Steuerberater, auf Wunsch auch durch nach au\u00dfen nicht offengelegte Unterst\u00fctzung.<\/p>\n<p style=\"text-align: justify;\">Hilfreich kann die Kl\u00e4rung von Sachverhalten\u00a0bereits vor Ihrer Umsetzung durch Einholung einer verbindlichen Auskunft oder im laufenden Verfahren durch tats\u00e4chliche Verst\u00e4ndigung mit der Finanzbeh\u00f6rde sein. Hier gilt insbesondere, wie im steuerrechtlichen Verfahren insgesamt, dass erhebliche verfahrensrechtliche H\u00fcrden zu meistern sind. Dies bedarf qualifizierter anwaltlicher Beratung.<\/p>\n<p style=\"text-align: justify;\">Stehen die vorgenannten Handlungsoptionen nicht oder nicht mehr zur Verf\u00fcgung, umfasst die Rechtsvertretung durch Rechtsanw\u00e4ltin Ute-Brigitta Wucherpfennig selbstverst\u00e4ndlich die Durchf\u00fchrung der finanzbeh\u00f6rdlichen Einspruchsverfahren und der Verfahren vor den Finanzgerichten und in der Revisionsinstanz vor dem Bundesfinanzhof.<\/p>\n<p style=\"text-align: justify;\">Die kontinuierliche steuerrechtliche Begleitung des Vertragsmanagements hilft \u00dcberraschungen und Krisensituationen insbesondere nach angek\u00fcndigter Betriebspr\u00fcfung zu vermeiden, so dass Korrekturma\u00dfnahmen unter zeitlichem Handlungsdruck bis hin zur Abgabe von Selbstanzeigen vermieden werden k\u00f6nnen.<br \/>\n<a href=\"https:\/\/ute-wucherpfennig.de\/index.php\/steuerrecht-3\/steuerstrafrecht\/\">(Siehe auch\u00a0Steuerstrafrecht)<\/a><\/p>\n<p style=\"text-align: justify;\">Insbesondere im Hinblick auf die Versch\u00e4rfung der Anforderung zur Erlangung der Strafbefreiung nach Selbstanzeige ist rechtzeitiges und wohl \u00fcberlegtes\u00a0Handeln geboten.<\/p>\n<\/div><\/section><\/div>\n<style type=\"text\/css\" data-created_by=\"avia_inline_auto\" id=\"style-css-av-av_one_fourth-2a64de42b738552fe666ca889af77e28\">\n.flex_column.av-av_one_fourth-2a64de42b738552fe666ca889af77e28{\n-webkit-border-radius:0px 0px 0px 0px;\n-moz-border-radius:0px 0px 0px 0px;\nborder-radius:0px 0px 0px 0px;\npadding:0px 0px 0px 0px;\n}\n<\/style>\n<div class='flex_column av-av_one_fourth-2a64de42b738552fe666ca889af77e28 av_one_fourth  avia-builder-el-4  el_after_av_one_half  avia-builder-el-last  flex_column_div av-zero-column-padding '     ><section  class='av_textblock_section av-av_textblock-0366cc7376be6c9e82a3e9cc8987b64f'  itemscope=\"itemscope\" itemtype=\"https:\/\/schema.org\/CreativeWork\" ><div class='avia_textblock'  itemprop=\"text\" ><ul>\n<li><a href=\"https:\/\/ute-wucherpfennig.de\/index.php\/steuerrecht-3\/steuerrecht\/\">Steuerrecht<\/a><\/li>\n<\/ul>\n<ul>\n<li><a href=\"https:\/\/ute-wucherpfennig.de\/index.php\/steuerrecht-3\/steuerstrafrecht\/\">Steuerstrafrecht<\/a><\/li>\n<\/ul>\n<ul>\n<li><a href=\"https:\/\/ute-wucherpfennig.de\/index.php\/steuerrecht-3\/berufsrecht-steuerberater\/\">Berufsrechts der Steuerberater<\/a><\/li>\n<\/ul>\n<\/div><\/section><\/div><\/p>\n","protected":false},"excerpt":{"rendered":"","protected":false},"author":5,"featured_media":0,"parent":266,"menu_order":1,"comment_status":"open","ping_status":"closed","template":"","meta":[],"_links":{"self":[{"href":"https:\/\/ute-wucherpfennig.de\/index.php\/wp-json\/wp\/v2\/pages\/644"}],"collection":[{"href":"https:\/\/ute-wucherpfennig.de\/index.php\/wp-json\/wp\/v2\/pages"}],"about":[{"href":"https:\/\/ute-wucherpfennig.de\/index.php\/wp-json\/wp\/v2\/types\/page"}],"author":[{"embeddable":true,"href":"https:\/\/ute-wucherpfennig.de\/index.php\/wp-json\/wp\/v2\/users\/5"}],"replies":[{"embeddable":true,"href":"https:\/\/ute-wucherpfennig.de\/index.php\/wp-json\/wp\/v2\/comments?post=644"}],"version-history":[{"count":1,"href":"https:\/\/ute-wucherpfennig.de\/index.php\/wp-json\/wp\/v2\/pages\/644\/revisions"}],"predecessor-version":[{"id":1238,"href":"https:\/\/ute-wucherpfennig.de\/index.php\/wp-json\/wp\/v2\/pages\/644\/revisions\/1238"}],"up":[{"embeddable":true,"href":"https:\/\/ute-wucherpfennig.de\/index.php\/wp-json\/wp\/v2\/pages\/266"}],"wp:attachment":[{"href":"https:\/\/ute-wucherpfennig.de\/index.php\/wp-json\/wp\/v2\/media?parent=644"}],"curies":[{"name":"wp","href":"https:\/\/api.w.org\/{rel}","templated":true}]}}