{"id":606,"date":"2015-09-04T16:08:54","date_gmt":"2015-09-04T14:08:54","guid":{"rendered":"http:\/\/ute-wucherpfennig.de\/?page_id=606"},"modified":"2017-01-12T17:50:20","modified_gmt":"2017-01-12T16:50:20","slug":"gesellschaftsrecht-der-personen-und-kapitalgesellschaften","status":"publish","type":"page","link":"https:\/\/ute-wucherpfennig.de\/index.php\/gesellschaftsrecht\/gesellschaftsrecht-der-personen-und-kapitalgesellschaften\/","title":{"rendered":"Gesellschaftsrecht der Personen- und Kapitalgesellschaften"},"content":{"rendered":"\n<style type=\"text\/css\" data-created_by=\"avia_inline_auto\" id=\"style-css-av-av_image-74642bb065ae3dc52f0df91917014fc8\">\n.avia-image-container.av-av_image-74642bb065ae3dc52f0df91917014fc8 img.avia_image{\nbox-shadow:none;\n}\n.avia-image-container.av-av_image-74642bb065ae3dc52f0df91917014fc8 .av-image-caption-overlay-center{\ncolor:#ffffff;\n}\n<\/style>\n<div  class='avia-image-container av-av_image-74642bb065ae3dc52f0df91917014fc8 av-styling- avia-align-center  avia-builder-el-0  el_before_av_one_full  avia-builder-el-first '   itemprop=\"image\" itemscope=\"itemscope\" itemtype=\"https:\/\/schema.org\/ImageObject\" ><div class=\"avia-image-container-inner\"><div class=\"avia-image-overlay-wrap\"><img class='wp-image- avia-img-lazy-loading-not- avia_image ' src=\"https:\/\/ute-wucherpfennig.de\/wp-content\/uploads\/2015\/08\/Wucherpfennig_Gesellschaftsrecht.png\" alt='' title=''   itemprop=\"thumbnailUrl\"  \/><\/div><\/div><\/div>\n<div class='flex_column av-av_one_full-2a9015ff38129c418a3f2eafba3e9512 av_one_full  avia-builder-el-1  el_after_av_image  el_before_av_one_fourth  first flex_column_div '     ><\/div>\n<div class='flex_column av-av_one_fourth-2a9015ff38129c418a3f2eafba3e9512 av_one_fourth  avia-builder-el-2  el_after_av_one_full  el_before_av_two_third  first flex_column_div column-top-margin'     ><section  class='av_textblock_section av-av_textblock-0366cc7376be6c9e82a3e9cc8987b64f'  itemscope=\"itemscope\" itemtype=\"https:\/\/schema.org\/CreativeWork\" ><div class='avia_textblock'  itemprop=\"text\" ><p><a href=\"https:\/\/ute-wucherpfennig.de\/index.php\/gesellschaftsrecht\/steuerrecht-2\/\">\u00b7 Gesellschaftsrecht der Personen- und Kapitalgesellschaften<\/a><\/p>\n<p><a href=\"https:\/\/ute-wucherpfennig.de\/index.php\/gesellschaftsrecht\/unternehmensvertragsrecht\/\">\u00b7 Unternehmensvertragsrecht<\/a><\/p>\n<\/div><\/section><\/div><div class='flex_column av-av_two_third-f78fb3c186c5ceb3cf0bf54353219056 av_two_third  avia-builder-el-4  el_after_av_one_fourth  el_before_av_hr  flex_column_div column-top-margin'     ><section  class='av_textblock_section av-av_textblock-0366cc7376be6c9e82a3e9cc8987b64f'  itemscope=\"itemscope\" itemtype=\"https:\/\/schema.org\/CreativeWork\" ><div class='avia_textblock'  itemprop=\"text\" ><h4 style=\"text-align: justify;\"><img loading=\"lazy\" class=\" size-full wp-image-353 alignnone\" src=\"https:\/\/ute-wucherpfennig.de\/wp-content\/uploads\/2015\/08\/Wucherpfennig_Gesellschaftsrecht_Ikon.png\" alt=\"Wucherpfennig_Gesellschaftsrecht_Ikon\" width=\"130\" height=\"130\" srcset=\"https:\/\/ute-wucherpfennig.de\/wp-content\/uploads\/2015\/08\/Wucherpfennig_Gesellschaftsrecht_Ikon.png 130w, https:\/\/ute-wucherpfennig.de\/wp-content\/uploads\/2015\/08\/Wucherpfennig_Gesellschaftsrecht_Ikon-80x80.png 80w, https:\/\/ute-wucherpfennig.de\/wp-content\/uploads\/2015\/08\/Wucherpfennig_Gesellschaftsrecht_Ikon-36x36.png 36w, https:\/\/ute-wucherpfennig.de\/wp-content\/uploads\/2015\/08\/Wucherpfennig_Gesellschaftsrecht_Ikon-120x120.png 120w\" sizes=\"(max-width: 130px) 100vw, 130px\" \/><\/h4>\n<h4 style=\"text-align: justify;\">Gesellschaftsrecht\u00a0der Personen- und Kapitalgesellschaften<\/h4>\n<p style=\"text-align: justify;\">Die gesellschaftsrechtliche T\u00e4tigkeit von Rechtsanw\u00e4ltin Ute-Brigitta Wucherpfennig umfasst die Beratung bei Unternehmensgr\u00fcndung, die steuer- und haftungsrechtlich begr\u00fcndete Restrukturierung des Unternehmens bis hin zur Optimierung der Unternehmensstruktur im Hinblick auf eine angestrebte Nachfolgeregelung.<\/p>\n<p style=\"text-align: justify;\">Der Gesellschafterstreit, der \u2013 einvernehmliche \u2013 Gesellschafterwechsel und das streitige Ausscheiden von Gesellschaftern sowohl in Personen- als auch in Kapitalgesellschaften geh\u00f6ren zu den regelm\u00e4\u00dfigen anwaltlichen Aufgaben von Rechtsanw\u00e4ltin Ute-Brigitta Wucherpfennig. Sie erfordern neben fundierten Rechtskenntnissen ein hohes Ma\u00df an Erfahrung in Verbindung mit der schnellen und sicheren Einsch\u00e4tzung der Situation, der handelnden Beteiligten und der sich daraus ergebenden Reaktionsm\u00f6glichkeiten.<\/p>\n<\/div><\/section><\/div><\/p>\n<div  class='hr av-av_hr-65856424cbad8c064bc72974be910e19 hr-full  avia-builder-el-6  el_after_av_two_third  el_before_av_heading  hr-shadow'><span class='hr-inner '><span class=\"hr-inner-style\"><\/span><\/span><\/div>\n\n<style type=\"text\/css\" data-created_by=\"avia_inline_auto\" id=\"style-css-av-av_heading-30652bc71d71f71be9319c50fa5f830c\">\n#top .av-special-heading.av-av_heading-30652bc71d71f71be9319c50fa5f830c{\npadding-bottom:0;\ncolor:#000000;\n}\nbody .av-special-heading.av-av_heading-30652bc71d71f71be9319c50fa5f830c .av-special-heading-tag .heading-char{\nfont-size:25px;\n}\n.av-special-heading.av-av_heading-30652bc71d71f71be9319c50fa5f830c .special-heading-inner-border{\nborder-color:#000000;\n}\n.av-special-heading.av-av_heading-30652bc71d71f71be9319c50fa5f830c .av-subheading{\nfont-size:15px;\n}\n<\/style>\n<div  class='av-special-heading av-av_heading-30652bc71d71f71be9319c50fa5f830c av-special-heading-h3 custom-color-heading blockquote modern-quote modern-centered  avia-builder-el-7  el_after_av_hr  avia-builder-el-last '><h3 class='av-special-heading-tag'  itemprop=\"headline\"  ><span class='special_amp'>\u201e<\/span>In der Mitte von Schwierigkeiten liegen die M\u00f6glichkeiten.<span class='special_amp'>\u201c<\/span><\/h3><div class='av_custom_color av-subheading av-subheading_below'><p>In ihrer anwaltlichen T\u00e4tigkeit folgt Rechtsanw\u00e4ltin Ute-Brigitta Wucherpfennig der Erkenntnis von Albert Einstein.<\/p>\n<\/div><div class=\"special-heading-border\"><div class=\"special-heading-inner-border\"><\/div><\/div><\/div>\n","protected":false},"excerpt":{"rendered":"","protected":false},"author":5,"featured_media":0,"parent":496,"menu_order":1,"comment_status":"open","ping_status":"open","template":"","meta":[],"_links":{"self":[{"href":"https:\/\/ute-wucherpfennig.de\/index.php\/wp-json\/wp\/v2\/pages\/606"}],"collection":[{"href":"https:\/\/ute-wucherpfennig.de\/index.php\/wp-json\/wp\/v2\/pages"}],"about":[{"href":"https:\/\/ute-wucherpfennig.de\/index.php\/wp-json\/wp\/v2\/types\/page"}],"author":[{"embeddable":true,"href":"https:\/\/ute-wucherpfennig.de\/index.php\/wp-json\/wp\/v2\/users\/5"}],"replies":[{"embeddable":true,"href":"https:\/\/ute-wucherpfennig.de\/index.php\/wp-json\/wp\/v2\/comments?post=606"}],"version-history":[{"count":0,"href":"https:\/\/ute-wucherpfennig.de\/index.php\/wp-json\/wp\/v2\/pages\/606\/revisions"}],"up":[{"embeddable":true,"href":"https:\/\/ute-wucherpfennig.de\/index.php\/wp-json\/wp\/v2\/pages\/496"}],"wp:attachment":[{"href":"https:\/\/ute-wucherpfennig.de\/index.php\/wp-json\/wp\/v2\/media?parent=606"}],"curies":[{"name":"wp","href":"https:\/\/api.w.org\/{rel}","templated":true}]}}