{"id":559,"date":"2015-09-03T13:16:56","date_gmt":"2015-09-03T11:16:56","guid":{"rendered":"http:\/\/ute-wucherpfennig.de\/?page_id=559"},"modified":"2017-01-12T17:50:20","modified_gmt":"2017-01-12T16:50:20","slug":"erbschaftsteuer-2","status":"publish","type":"page","link":"https:\/\/ute-wucherpfennig.de\/index.php\/erbschaftsteuer\/erbschaftsteuer-2\/","title":{"rendered":"Erbschaftsteuer\/Schenkungssteuer"},"content":{"rendered":"\n<style type=\"text\/css\" data-created_by=\"avia_inline_auto\" id=\"style-css-av-av_image-f49492dd249e02703f41d4c33449ee1a\">\n.avia-image-container.av-av_image-f49492dd249e02703f41d4c33449ee1a img.avia_image{\nbox-shadow:none;\n}\n.avia-image-container.av-av_image-f49492dd249e02703f41d4c33449ee1a .av-image-caption-overlay-center{\ncolor:#ffffff;\n}\n<\/style>\n<div  class='avia-image-container av-av_image-f49492dd249e02703f41d4c33449ee1a av-styling- avia-align-  avia-builder-el-0  el_before_av_one_full  avia-builder-el-first '   itemprop=\"image\" itemscope=\"itemscope\" itemtype=\"https:\/\/schema.org\/ImageObject\" ><div class=\"avia-image-container-inner\"><div class=\"avia-image-overlay-wrap\"><img class='wp-image-835 avia-img-lazy-loading-not-835 avia_image ' src=\"https:\/\/ute-wucherpfennig.de\/wp-content\/uploads\/2015\/09\/Erbrecht_quer2.jpg\" alt='' title='Erbrecht_quer2'  height=\"324\" width=\"1213\"  itemprop=\"thumbnailUrl\" srcset=\"https:\/\/ute-wucherpfennig.de\/wp-content\/uploads\/2015\/09\/Erbrecht_quer2.jpg 1213w, https:\/\/ute-wucherpfennig.de\/wp-content\/uploads\/2015\/09\/Erbrecht_quer2-300x80.jpg 300w, https:\/\/ute-wucherpfennig.de\/wp-content\/uploads\/2015\/09\/Erbrecht_quer2-1030x275.jpg 1030w, https:\/\/ute-wucherpfennig.de\/wp-content\/uploads\/2015\/09\/Erbrecht_quer2-705x188.jpg 705w, https:\/\/ute-wucherpfennig.de\/wp-content\/uploads\/2015\/09\/Erbrecht_quer2-1210x324.jpg 1210w, https:\/\/ute-wucherpfennig.de\/wp-content\/uploads\/2015\/09\/Erbrecht_quer2-450x120.jpg 450w\" sizes=\"(max-width: 1213px) 100vw, 1213px\" \/><\/div><\/div><\/div>\n<div class='flex_column av-av_one_full-2a9015ff38129c418a3f2eafba3e9512 av_one_full  avia-builder-el-1  el_after_av_image  el_before_av_one_fourth  first flex_column_div '     ><\/div>\n<div class='flex_column av-av_one_fourth-2a9015ff38129c418a3f2eafba3e9512 av_one_fourth  avia-builder-el-2  el_after_av_one_full  el_before_av_one_half  first flex_column_div column-top-margin'     ><\/div>\n<div class='flex_column av-av_one_half-f78fb3c186c5ceb3cf0bf54353219056 av_one_half  avia-builder-el-3  el_after_av_one_fourth  el_before_av_one_fourth  flex_column_div column-top-margin'     ><section  class='av_textblock_section av-av_textblock-0366cc7376be6c9e82a3e9cc8987b64f'  itemscope=\"itemscope\" itemtype=\"https:\/\/schema.org\/CreativeWork\" ><div class='avia_textblock'  itemprop=\"text\" ><h3 style=\"text-align: justify;\"><img loading=\"lazy\" class=\"alignnone size-full wp-image-368\" src=\"https:\/\/ute-wucherpfennig.de\/wp-content\/uploads\/2015\/08\/Wucherpfennig_Erbrecht_Ikon.png\" alt=\"Wucherpfennig_Erbrecht_Ikon\" width=\"130\" height=\"130\" srcset=\"https:\/\/ute-wucherpfennig.de\/wp-content\/uploads\/2015\/08\/Wucherpfennig_Erbrecht_Ikon.png 130w, https:\/\/ute-wucherpfennig.de\/wp-content\/uploads\/2015\/08\/Wucherpfennig_Erbrecht_Ikon-80x80.png 80w, https:\/\/ute-wucherpfennig.de\/wp-content\/uploads\/2015\/08\/Wucherpfennig_Erbrecht_Ikon-36x36.png 36w, https:\/\/ute-wucherpfennig.de\/wp-content\/uploads\/2015\/08\/Wucherpfennig_Erbrecht_Ikon-120x120.png 120w\" sizes=\"(max-width: 130px) 100vw, 130px\" \/><\/h3>\n<h3 style=\"text-align: justify;\"><strong>Erbschaftsteuer<br \/>\nSchenkungssteuer<\/strong><\/h3>\n<\/div><\/section><br \/>\n<section  class='av_textblock_section av-av_textblock-0366cc7376be6c9e82a3e9cc8987b64f'  itemscope=\"itemscope\" itemtype=\"https:\/\/schema.org\/CreativeWork\" ><div class='avia_textblock'  itemprop=\"text\" ><h3 style=\"text-align: justify;\"><\/h3>\n<ol>\n<li>\n<h4><span style=\"color: #000000;\"> Erbschaftsteuer \/ Privatverm\u00f6gen <\/span><\/h4>\n<\/li>\n<\/ol>\n<p style=\"text-align: justify;\">H\u00e4ufig wird ein Testament errichtet, in dem die Ehegatten sich wechselseitig zu Erben einsetzen (sogenanntes \u201eBerliner Testament\u201c). Diese Entscheidung beruht oft auf der Annahme, nur so die gew\u00fcnschte Absicherung des l\u00e4ngstlebenden Ehepartners zu erreichen.<\/p>\n<p style=\"text-align: justify;\">So w\u00fcnschenswert die entsprechende Absicherung des L\u00e4ngstlebenden ist, handelt es sich doch in der Regel um die erbschaftsteuerlich ung\u00fcnstigste Entscheidung.<\/p>\n<p style=\"text-align: justify;\">Tats\u00e4chlich stehen weitere Handlungsoptionen zur Verf\u00fcgung, die zu einer geringeren Erbschaftsteuerschuld bei gleicher Absicherung des L\u00e4ngstlebenden f\u00fchren.<\/p>\n<p style=\"text-align: justify;\">Diese und andere Punkte bespreche ich gerne in einem pers\u00f6nlichen Beratungstermin mit Ihnen.<\/p>\n<ol start=\"2\">\n<li>\n<h4><span style=\"color: #000000;\"> Erbschaftsteuer \/ Unternehmen <\/span><\/h4>\n<\/li>\n<\/ol>\n<p style=\"text-align: justify;\">Das Bundesverfassungsgericht hat im November 2006 das Erbschaftsteuergesetz f\u00fcr verfassungswidrig erkl\u00e4rt, da die einzelnen Verm\u00f6gensarten mit unterschiedlichen Wertans\u00e4tzen ber\u00fccksichtigt wurden, was bei gleichen Steuers\u00e4tzen zu erheblicher Ungleichbehandlung der Verm\u00f6gensarten f\u00fchrte.<\/p>\n<p style=\"text-align: justify;\">Zum 01.01.2009 ist dann das sogenannte Erbschaftssteuerreformgesetz in Kraft getreten, das wiederum eine erhebliche Verschonung f\u00fcr betriebliches Verm\u00f6gen vorsah. Das Bundesverfassungsgericht hat daraufhin am 17.12.2014 entschieden, dass zwar grunds\u00e4tzlich eine Verschonungsregelung f\u00fcr betriebliches Verm\u00f6gen erforderlich ist um den Bestand der Unternehmen zu sichern und Arbeitspl\u00e4tze zu erhalten, der in 2009 festgelegte Umfang ging dem Gericht jedoch zu weit. Es bedurfte daher eines erneuten Gesetzentwurfes, den das Bundeskabinett am 08.07.2015 beschlossen hat. Die wesentlichen \u00c4nderungen finden Sie nachstehend gegen\u00fcbergestellt:<\/p>\n<p><span style=\"color: #0000ff;\"><a style=\"color: #0000ff;\" href=\"https:\/\/ute-wucherpfennig.de\/wp-content\/uploads\/2015\/09\/2015-07-08-PM25-uebersicht.pdf\">\u00dcbersicht der Neuregelungen gem\u00e4\u00df Gesetzentwurf vom 8. Juli 2015<\/a><\/span><br \/>\n(Quelle:\u00a0http:\/\/www.bundesfinanzministerium.de\/)<\/p>\n<p style=\"text-align: justify;\">Die Diskussion dauert an; ob der Gesetzentwurf in der vorliegenden Fassung in Kraft tritt, ist fraglich.<\/p>\n<p style=\"text-align: justify;\">Fest d\u00fcrfte jedoch stehen, dass kleine Betriebe (bis zu 3 Mitarbeitern bzw. Betriebe mit 4 bis 10 bzw. 15 Mitarbeitern) weiter im wesentlichen verschont bleiben, bzw. eine Verschonung erlangen k\u00f6nnen.<\/p>\n<h5 style=\"text-align: justify;\"><span style=\"color: #000000;\">Warum besteht auch f\u00fcr diese Unternehmer Handlungsbedarf?<\/span><\/h5>\n<ul style=\"text-align: justify;\">\n<li>Zun\u00e4chst betrifft die steuerliche Verschonung ausschlie\u00dflich Betriebsverm\u00f6gen.<\/li>\n<\/ul>\n<p style=\"text-align: justify;\">Intelligente Regelungen f\u00fcr das Privatverm\u00f6gen bleiben erforderlich.<\/p>\n<ul>\n<li style=\"text-align: justify;\">Die Erbfolge muss gerade f\u00fcr den Fall des unerwarteten Eintritts des Erbfalls geregelt sein. Dies nicht nur, um b\u00f6se \u00dcberraschungen, u.a. durch das Problem minderj\u00e4hriger Erben oder die nicht ausreichende Versorgung der (noch jungen) Familie, zu vermeiden. Es bedarf nicht nur einer erbrechtlichen Regelung, sondern es gibt auch hier erbschaftsteuerliche Optimierungsm\u00f6glichkeiten.<\/li>\n<\/ul>\n<ol start=\"3\">\n<li>\n<h4>Beratung des Erben<\/h4>\n<\/li>\n<\/ol>\n<p style=\"text-align: justify;\">F\u00fcr den Erben selbst besteht unverz\u00fcglicher Handlungsbedarf, wenn er steuerlich bisher nicht erfasstes Verm\u00f6gen (Schwarzgeld, (Auslands-)Immobilien) im Nachlass feststellt.<\/p>\n<p style=\"text-align: justify;\">Dar\u00fcber hinaus besteht f\u00fcr die Erben Handlungsbedarf im Hinblick auf die Vertretung gegen\u00fcber Banken, dem Nachlassgericht und dem Grundbuchamt, ebenso bei Erstellung der Erbschaftsteuererkl\u00e4rung.<\/p>\n<p style=\"text-align: justify;\">Besondere Anforderungen stellt das Vorliegen einer Erbengemeinschaft. Hier kann fr\u00fchzeitige anwaltliche Beratung \u00fcber Rechte und Pflichten sowie\u00a0notwendige Verfahrensschritte Streit vermeiden, der h\u00e4ufig zu langwierigen erbitterten gerichtlichen Auseinandersetzungen f\u00fchrt.<\/p>\n<\/div><\/section><\/p><\/div>\n<div class='flex_column av-av_one_fourth-f78fb3c186c5ceb3cf0bf54353219056 av_one_fourth  avia-builder-el-6  el_after_av_one_half  avia-builder-el-last  flex_column_div column-top-margin'     ><section  class='av_textblock_section av-av_textblock-0366cc7376be6c9e82a3e9cc8987b64f'  itemscope=\"itemscope\" itemtype=\"https:\/\/schema.org\/CreativeWork\" ><div class='avia_textblock'  itemprop=\"text\" ><ul>\n<li><a href=\"https:\/\/ute-wucherpfennig.de\/index.php\/erbschaftsteuer\/\">Erbrecht\/Unternehmensnachfolge<\/a><\/li>\n<\/ul>\n<ul>\n<li><a href=\"https:\/\/ute-wucherpfennig.de\/index.php\/erbschaftsteuer\/erbschaftsteuer-2\/\">Erbschaftsteuer\/Schenkungssteuer<\/a><\/li>\n<\/ul>\n<\/div><\/section><\/div>\n","protected":false},"excerpt":{"rendered":"","protected":false},"author":5,"featured_media":0,"parent":327,"menu_order":1,"comment_status":"open","ping_status":"open","template":"","meta":[],"_links":{"self":[{"href":"https:\/\/ute-wucherpfennig.de\/index.php\/wp-json\/wp\/v2\/pages\/559"}],"collection":[{"href":"https:\/\/ute-wucherpfennig.de\/index.php\/wp-json\/wp\/v2\/pages"}],"about":[{"href":"https:\/\/ute-wucherpfennig.de\/index.php\/wp-json\/wp\/v2\/types\/page"}],"author":[{"embeddable":true,"href":"https:\/\/ute-wucherpfennig.de\/index.php\/wp-json\/wp\/v2\/users\/5"}],"replies":[{"embeddable":true,"href":"https:\/\/ute-wucherpfennig.de\/index.php\/wp-json\/wp\/v2\/comments?post=559"}],"version-history":[{"count":0,"href":"https:\/\/ute-wucherpfennig.de\/index.php\/wp-json\/wp\/v2\/pages\/559\/revisions"}],"up":[{"embeddable":true,"href":"https:\/\/ute-wucherpfennig.de\/index.php\/wp-json\/wp\/v2\/pages\/327"}],"wp:attachment":[{"href":"https:\/\/ute-wucherpfennig.de\/index.php\/wp-json\/wp\/v2\/media?parent=559"}],"curies":[{"name":"wp","href":"https:\/\/api.w.org\/{rel}","templated":true}]}}