{"id":392,"date":"2015-08-20T14:31:40","date_gmt":"2015-08-20T12:31:40","guid":{"rendered":"http:\/\/ute-wucherpfennig.de\/?page_id=392"},"modified":"2018-05-28T17:22:39","modified_gmt":"2018-05-28T15:22:39","slug":"impressum","status":"publish","type":"page","link":"https:\/\/ute-wucherpfennig.de\/index.php\/kontakt-2\/impressum\/","title":{"rendered":"Impressum"},"content":{"rendered":"<div class='flex_column av-x67tc-c40e0d0546b0a675c537e58a25045724 av_one_full  avia-builder-el-0  el_before_av_one_fourth  avia-builder-el-first  first flex_column_div '     ><\/div>\n<div class='flex_column av-2u3gg-f86e309b7d4cbc20acf61691c6a77a40 av_one_fourth  avia-builder-el-1  el_after_av_one_full  el_before_av_one_half  first flex_column_div column-top-margin'     ><\/div>\n\n<style type=\"text\/css\" data-created_by=\"avia_inline_auto\" id=\"style-css-av-lwv80-2f870e6dfd92f67a79c7145a243c52e3\">\n.flex_column.av-lwv80-2f870e6dfd92f67a79c7145a243c52e3{\n-webkit-border-radius:0px 0px 0px 0px;\n-moz-border-radius:0px 0px 0px 0px;\nborder-radius:0px 0px 0px 0px;\npadding:0px 0px 0px 0px;\n}\n<\/style>\n<div class='flex_column av-lwv80-2f870e6dfd92f67a79c7145a243c52e3 av_one_half  avia-builder-el-2  el_after_av_one_fourth  el_before_av_one_fourth  flex_column_div av-zero-column-padding column-top-margin'     ><section  class='av_textblock_section av-g44k8-f2bc51b50cf4b436a43cef1fe062da49'  itemscope=\"itemscope\" itemtype=\"https:\/\/schema.org\/CreativeWork\" ><div class='avia_textblock'  itemprop=\"text\" ><h4 style=\"text-align: justify;\"><a href=\"https:\/\/ute-wucherpfennig.de\/index.php\/medizinrecht\/vertragsrecht-der-heilberufe\/\"><img loading=\"lazy\" class=\"alignnone wp-image-369 size-full\" src=\"https:\/\/ute-wucherpfennig.de\/wp-content\/uploads\/2015\/08\/Wucherpfennig_Medizinrecht_Ikon.png\" alt=\"Wucherpfennig_Medizinrecht_Ikon\" width=\"130\" height=\"130\" srcset=\"https:\/\/ute-wucherpfennig.de\/wp-content\/uploads\/2015\/08\/Wucherpfennig_Medizinrecht_Ikon.png 130w, https:\/\/ute-wucherpfennig.de\/wp-content\/uploads\/2015\/08\/Wucherpfennig_Medizinrecht_Ikon-80x80.png 80w, https:\/\/ute-wucherpfennig.de\/wp-content\/uploads\/2015\/08\/Wucherpfennig_Medizinrecht_Ikon-36x36.png 36w, https:\/\/ute-wucherpfennig.de\/wp-content\/uploads\/2015\/08\/Wucherpfennig_Medizinrecht_Ikon-120x120.png 120w\" sizes=\"(max-width: 130px) 100vw, 130px\" \/><\/a><a href=\"https:\/\/ute-wucherpfennig.de\/index.php\/steuerrecht-3\/steuerrecht\/\"><img loading=\"lazy\" class=\"alignnone wp-image-367 size-full\" src=\"https:\/\/ute-wucherpfennig.de\/wp-content\/uploads\/2015\/08\/Wucherpfennig_Steuerrecht_Ikon.png\" alt=\"Wucherpfennig_Steuerrecht_Ikon\" width=\"130\" height=\"130\" srcset=\"https:\/\/ute-wucherpfennig.de\/wp-content\/uploads\/2015\/08\/Wucherpfennig_Steuerrecht_Ikon.png 130w, https:\/\/ute-wucherpfennig.de\/wp-content\/uploads\/2015\/08\/Wucherpfennig_Steuerrecht_Ikon-80x80.png 80w, https:\/\/ute-wucherpfennig.de\/wp-content\/uploads\/2015\/08\/Wucherpfennig_Steuerrecht_Ikon-36x36.png 36w, https:\/\/ute-wucherpfennig.de\/wp-content\/uploads\/2015\/08\/Wucherpfennig_Steuerrecht_Ikon-120x120.png 120w\" sizes=\"(max-width: 130px) 100vw, 130px\" \/><\/a><a href=\"https:\/\/ute-wucherpfennig.de\/index.php\/erbschaftsteuer\/\"><img loading=\"lazy\" class=\"alignnone wp-image-368 size-full\" src=\"https:\/\/ute-wucherpfennig.de\/wp-content\/uploads\/2015\/08\/Wucherpfennig_Erbrecht_Ikon.png\" alt=\"Wucherpfennig_Erbrecht_Ikon\" width=\"130\" height=\"130\" srcset=\"https:\/\/ute-wucherpfennig.de\/wp-content\/uploads\/2015\/08\/Wucherpfennig_Erbrecht_Ikon.png 130w, https:\/\/ute-wucherpfennig.de\/wp-content\/uploads\/2015\/08\/Wucherpfennig_Erbrecht_Ikon-80x80.png 80w, https:\/\/ute-wucherpfennig.de\/wp-content\/uploads\/2015\/08\/Wucherpfennig_Erbrecht_Ikon-36x36.png 36w, https:\/\/ute-wucherpfennig.de\/wp-content\/uploads\/2015\/08\/Wucherpfennig_Erbrecht_Ikon-120x120.png 120w\" sizes=\"(max-width: 130px) 100vw, 130px\" \/><\/a><a href=\"https:\/\/ute-wucherpfennig.de\/index.php\/gesellschaftsrecht\/steuerrecht-2\/\"><img loading=\"lazy\" class=\"alignnone wp-image-353 size-full\" src=\"https:\/\/ute-wucherpfennig.de\/wp-content\/uploads\/2015\/08\/Wucherpfennig_Gesellschaftsrecht_Ikon.png\" alt=\"Wucherpfennig_Gesellschaftsrecht_Ikon\" width=\"130\" height=\"130\" srcset=\"https:\/\/ute-wucherpfennig.de\/wp-content\/uploads\/2015\/08\/Wucherpfennig_Gesellschaftsrecht_Ikon.png 130w, https:\/\/ute-wucherpfennig.de\/wp-content\/uploads\/2015\/08\/Wucherpfennig_Gesellschaftsrecht_Ikon-80x80.png 80w, https:\/\/ute-wucherpfennig.de\/wp-content\/uploads\/2015\/08\/Wucherpfennig_Gesellschaftsrecht_Ikon-36x36.png 36w, https:\/\/ute-wucherpfennig.de\/wp-content\/uploads\/2015\/08\/Wucherpfennig_Gesellschaftsrecht_Ikon-120x120.png 120w\" sizes=\"(max-width: 130px) 100vw, 130px\" \/><\/a><\/h4>\n<h4 style=\"text-align: justify;\"><\/h4>\n<h3>Ute-Brigitta Wucherpfennig<\/h3>\n<h3>Rechtsanw\u00e4ltin \u00b7\u00a0Fachanw\u00e4ltin f\u00fcr Steuerrecht<\/h3>\n<h3>\u00b7\u00a0Fachanw\u00e4ltin f\u00fcr Medizinrecht<\/h3>\n<p><span class=\"LrzXr\"><br \/>\nSachsenring 43<br \/>\n<\/span><span class=\"LrzXr\">50677 K\u00f6ln<\/span><\/p>\n<p>Telefon: 0221 &#8211; 34 66 93 94<br \/>\nTelefax: 0221 &#8211; 34 66 93 96<br \/>\n<a href=\"mailto:kanzlei@ra-wucherpfennig.eu\">kanzlei(at)ra-wucherpfennig.eu<\/a><\/p>\n<p>Umsatzsteuer-Identifikationsnummer gem. \u00a7 27 a Umsatzsteuergesetz: DE26 40 15 072<\/p>\n<p><em><strong>Zust\u00e4ndige Kammer\u00a0und zugleich Aufsichtsbeh\u00f6rde:<\/strong><\/em><br \/>\nRechtsanwaltskammer K\u00f6ln, Riehler Str. 30, 50668 K\u00f6ln<\/p>\n<p>Berufsbezeichnung: Rechtsanw\u00e4ltin (verliehen in der Bundesrepublik Deutschland)<br \/>\nBerufsrechtliche Regelungen***:<\/p>\n<ul>\n<li>Bundesrechtsanwaltsordnung (BRAO)<\/li>\n<li>Berufsordnung f\u00fcr Rechtsanw\u00e4lte (BORA)<\/li>\n<li>Fachanwaltsordnung (FAO)<\/li>\n<li>Rechtsanwaltsverg\u00fctungsgesetz (RVG)<\/li>\n<li>Berufsregelungen der Rechtsanw\u00e4lte der Europ\u00e4ischen Union (CCBE)<\/li>\n<\/ul>\n<p>in der jeweils geltenden Fassung.<\/p>\n<p>Die Regelungen k\u00f6nnen bei der Bundesrechtsanwaltskammer <a href=\"http:\/\/www.brak.de\" target=\"_blank\" rel=\"noopener\">(unter:\u00a0www.brak.de)<\/a>\u00a0eingesehen werden***<\/p>\n<p>Haftungshinweis: Trotz sorgf\u00e4ltiger inhaltlicher Kontrolle wird keine Haftung f\u00fcr die Inhalte externer Links \u00fcbernommen. F\u00fcr den Inhalt der verlinkten Seiten sind ausschlie\u00dflich deren Betreiber verantwortlich. Ebenso wird keine Gew\u00e4hr f\u00fcr die Vollst\u00e4ndigkeit, Aktualit\u00e4t oder Qualit\u00e4t der auf dieser Website bereit gestellten Informationen \u00fcbernommen.<\/p>\n<p>Berufshaftpflichtversicherer ist die R+V Allgemeine Versicherungs AG.<\/p>\n<h4 style=\"text-align: justify;\"><\/h4>\n<\/div><\/section><\/div>\n<style type=\"text\/css\" data-created_by=\"avia_inline_auto\" id=\"style-css-av-7mnnc-96b72bc0ef2244d99999333a0bb03b6b\">\n.flex_column.av-7mnnc-96b72bc0ef2244d99999333a0bb03b6b{\n-webkit-border-radius:0px 0px 0px 0px;\n-moz-border-radius:0px 0px 0px 0px;\nborder-radius:0px 0px 0px 0px;\npadding:0px 0px 0px 0px;\n}\n<\/style>\n<div class='flex_column av-7mnnc-96b72bc0ef2244d99999333a0bb03b6b av_one_fourth  avia-builder-el-4  el_after_av_one_half  avia-builder-el-last  flex_column_div av-zero-column-padding column-top-margin'     ><\/div><\/p>\n","protected":false},"excerpt":{"rendered":"","protected":false},"author":5,"featured_media":0,"parent":388,"menu_order":3,"comment_status":"open","ping_status":"open","template":"","meta":[],"_links":{"self":[{"href":"https:\/\/ute-wucherpfennig.de\/index.php\/wp-json\/wp\/v2\/pages\/392"}],"collection":[{"href":"https:\/\/ute-wucherpfennig.de\/index.php\/wp-json\/wp\/v2\/pages"}],"about":[{"href":"https:\/\/ute-wucherpfennig.de\/index.php\/wp-json\/wp\/v2\/types\/page"}],"author":[{"embeddable":true,"href":"https:\/\/ute-wucherpfennig.de\/index.php\/wp-json\/wp\/v2\/users\/5"}],"replies":[{"embeddable":true,"href":"https:\/\/ute-wucherpfennig.de\/index.php\/wp-json\/wp\/v2\/comments?post=392"}],"version-history":[{"count":0,"href":"https:\/\/ute-wucherpfennig.de\/index.php\/wp-json\/wp\/v2\/pages\/392\/revisions"}],"up":[{"embeddable":true,"href":"https:\/\/ute-wucherpfennig.de\/index.php\/wp-json\/wp\/v2\/pages\/388"}],"wp:attachment":[{"href":"https:\/\/ute-wucherpfennig.de\/index.php\/wp-json\/wp\/v2\/media?parent=392"}],"curies":[{"name":"wp","href":"https:\/\/api.w.org\/{rel}","templated":true}]}}