{"id":327,"date":"2015-08-20T11:53:47","date_gmt":"2015-08-20T09:53:47","guid":{"rendered":"http:\/\/ute-wucherpfennig.de\/?page_id=327"},"modified":"2020-10-14T08:27:37","modified_gmt":"2020-10-14T06:27:37","slug":"erbschaftsteuer","status":"publish","type":"page","link":"https:\/\/ute-wucherpfennig.de\/index.php\/erbschaftsteuer\/","title":{"rendered":"Erbrecht\/Unternehmensnachfolge"},"content":{"rendered":"\n<style type=\"text\/css\" data-created_by=\"avia_inline_auto\" id=\"style-css-av-18pt6n-2625556c8837e3b44e7496f16bb9578c\">\n.avia-image-container.av-18pt6n-2625556c8837e3b44e7496f16bb9578c img.avia_image{\nbox-shadow:none;\n}\n.avia-image-container.av-18pt6n-2625556c8837e3b44e7496f16bb9578c .av-image-caption-overlay-center{\ncolor:#ffffff;\n}\n<\/style>\n<div  class='avia-image-container av-18pt6n-2625556c8837e3b44e7496f16bb9578c av-styling- avia-align-  avia-builder-el-0  el_before_av_one_full  avia-builder-el-first '   itemprop=\"image\" itemscope=\"itemscope\" itemtype=\"https:\/\/schema.org\/ImageObject\" ><div class=\"avia-image-container-inner\"><div class=\"avia-image-overlay-wrap\"><img class='wp-image-794 avia-img-lazy-loading-not-794 avia_image ' src=\"https:\/\/ute-wucherpfennig.de\/wp-content\/uploads\/2015\/08\/Erbrecht_quer.jpg\" alt='' title='Erbrecht'  height=\"324\" width=\"1213\"  itemprop=\"thumbnailUrl\" srcset=\"https:\/\/ute-wucherpfennig.de\/wp-content\/uploads\/2015\/08\/Erbrecht_quer.jpg 1213w, https:\/\/ute-wucherpfennig.de\/wp-content\/uploads\/2015\/08\/Erbrecht_quer-300x80.jpg 300w, https:\/\/ute-wucherpfennig.de\/wp-content\/uploads\/2015\/08\/Erbrecht_quer-1030x275.jpg 1030w, https:\/\/ute-wucherpfennig.de\/wp-content\/uploads\/2015\/08\/Erbrecht_quer-705x188.jpg 705w, https:\/\/ute-wucherpfennig.de\/wp-content\/uploads\/2015\/08\/Erbrecht_quer-1210x324.jpg 1210w, https:\/\/ute-wucherpfennig.de\/wp-content\/uploads\/2015\/08\/Erbrecht_quer-450x120.jpg 450w\" sizes=\"(max-width: 1213px) 100vw, 1213px\" \/><\/div><\/div><\/div>\n<div class='flex_column av-42bzz-a7c1869bf2a4fc827ed723509e7fe021 av_one_full  avia-builder-el-1  el_after_av_image  el_before_av_one_fourth  first flex_column_div '     ><\/div>\n<div class='flex_column av-ynox3-043bbf2a31f89253480b49e36802a247 av_one_fourth  avia-builder-el-2  el_after_av_one_full  el_before_av_one_half  first flex_column_div column-top-margin'     ><\/div>\n<div class='flex_column av-pk7kf-ae83b31a304ba5ea1e2d189a7a041570 av_one_half  avia-builder-el-3  el_after_av_one_fourth  el_before_av_one_fourth  flex_column_div column-top-margin'     ><section  class='av_textblock_section av-mkpyv-5968d1b1c40800e0c8fe04d517c87ed4'  itemscope=\"itemscope\" itemtype=\"https:\/\/schema.org\/CreativeWork\" ><div class='avia_textblock'  itemprop=\"text\" ><h3 style=\"text-align: justify;\"><img loading=\"lazy\" class=\"alignnone size-full wp-image-368\" src=\"https:\/\/ute-wucherpfennig.de\/wp-content\/uploads\/2015\/08\/Wucherpfennig_Erbrecht_Ikon.png\" alt=\"Wucherpfennig_Erbrecht_Ikon\" width=\"130\" height=\"130\" srcset=\"https:\/\/ute-wucherpfennig.de\/wp-content\/uploads\/2015\/08\/Wucherpfennig_Erbrecht_Ikon.png 130w, https:\/\/ute-wucherpfennig.de\/wp-content\/uploads\/2015\/08\/Wucherpfennig_Erbrecht_Ikon-80x80.png 80w, https:\/\/ute-wucherpfennig.de\/wp-content\/uploads\/2015\/08\/Wucherpfennig_Erbrecht_Ikon-36x36.png 36w, https:\/\/ute-wucherpfennig.de\/wp-content\/uploads\/2015\/08\/Wucherpfennig_Erbrecht_Ikon-120x120.png 120w\" sizes=\"(max-width: 130px) 100vw, 130px\" \/><\/h3>\n<h3 style=\"text-align: justify;\"><strong>Erbrecht<br \/>\nErbfolgeregelung und Unternehmensnachfolge<br \/>\n<\/strong><\/h3>\n<p style=\"text-align: justify;\">Eine auf Ihre pers\u00f6nliche Situation abgestimmte Nachfolgegestaltung ist \u2013 altersunabh\u00e4ngig \u2013 unverzichtbar!<\/p>\n<p style=\"text-align: justify;\">Gerade in der Nachfolgegestaltung sind langj\u00e4hrige anwaltliche Erfahrung und das sichere Zusammenspiel von Erb-, Schenkungsrecht, Erbschaftsteuer-, Schenkungssteuerrecht \u00fcber das Gesellschaftsrecht bis hin ins Familienrecht gefordert. Die langj\u00e4hrige Erfahrung von Ute-Brigitta Wucherpfennig besonders in der Nachfolgeberatung hat jedoch eins immer wieder best\u00e4tigt:<\/p>\n<p style=\"text-align: justify;\">Bei allen M\u00f6glichkeiten zu rechtlicher und steuerlicher Optimierung ist die gefundene L\u00f6sung f\u00fcr Sie nur dann die richtige, wenn Sie sich mit ihr \u201ewohl f\u00fchlen\u201c; denn der Mensch steht im Vordergrund.<\/p>\n<p style=\"text-align: justify;\"><strong><u>Aktuell:<\/u><\/strong><\/p>\n<p style=\"text-align: justify;\">Bitte beachten Sie die am 17.08.2015 in Kraft getretene EU-Erbrechtsverordnung (Nr. 650\/2012) f\u00fcr grenz\u00fcberschreitende Erbschaften (ErbRVO) gilt f\u00fcr alle Erbf\u00e4lle, die ab den 17.08.2015 eintreten. Es kommt also nicht auf den Zeitpunkt der Einrichtung des Testamentes\/Erbvertrages an.<\/p>\n<p style=\"text-align: justify;\"><a href=\"http:\/\/europa.eu\/rapid\/press-release_IP-12-576_de.htm?locale=en\" target=\"_blank\" rel=\"noopener noreferrer\">Weite Informationen finden Sie hier.<\/a><\/p>\n<\/div><\/section><\/div><div class='flex_column av-h8xnb-0f5767043701f458ccfcd81c55d1aa2b av_one_fourth  avia-builder-el-5  el_after_av_one_half  avia-builder-el-last  flex_column_div column-top-margin'     ><section  class='av_textblock_section av-bmo0f-9eac66f76fba619e9580bd1f2aa4d042'  itemscope=\"itemscope\" itemtype=\"https:\/\/schema.org\/CreativeWork\" ><div class='avia_textblock'  itemprop=\"text\" ><ul>\n<li><a href=\"https:\/\/ute-wucherpfennig.de\/index.php\/erbschaftsteuer\/\">Erbrecht\/Unternehmensnachfolge<\/a><\/li>\n<\/ul>\n<ul>\n<li><a href=\"https:\/\/ute-wucherpfennig.de\/index.php\/erbschaftsteuer\/erbschaftsteuer-2\/\">Erbschaftsteuer\/Schenkungssteuer<\/a><\/li>\n<\/ul>\n<\/div><\/section><\/div><\/p>\n","protected":false},"excerpt":{"rendered":"","protected":false},"author":5,"featured_media":0,"parent":0,"menu_order":1,"comment_status":"open","ping_status":"open","template":"","meta":[],"_links":{"self":[{"href":"https:\/\/ute-wucherpfennig.de\/index.php\/wp-json\/wp\/v2\/pages\/327"}],"collection":[{"href":"https:\/\/ute-wucherpfennig.de\/index.php\/wp-json\/wp\/v2\/pages"}],"about":[{"href":"https:\/\/ute-wucherpfennig.de\/index.php\/wp-json\/wp\/v2\/types\/page"}],"author":[{"embeddable":true,"href":"https:\/\/ute-wucherpfennig.de\/index.php\/wp-json\/wp\/v2\/users\/5"}],"replies":[{"embeddable":true,"href":"https:\/\/ute-wucherpfennig.de\/index.php\/wp-json\/wp\/v2\/comments?post=327"}],"version-history":[{"count":0,"href":"https:\/\/ute-wucherpfennig.de\/index.php\/wp-json\/wp\/v2\/pages\/327\/revisions"}],"wp:attachment":[{"href":"https:\/\/ute-wucherpfennig.de\/index.php\/wp-json\/wp\/v2\/media?parent=327"}],"curies":[{"name":"wp","href":"https:\/\/api.w.org\/{rel}","templated":true}]}}