{"id":281,"date":"2015-08-20T09:51:15","date_gmt":"2015-08-20T07:51:15","guid":{"rendered":"http:\/\/ute-wucherpfennig.de\/?page_id=281"},"modified":"2020-10-13T15:11:13","modified_gmt":"2020-10-13T13:11:13","slug":"zahn-arzthaftungsrecht","status":"publish","type":"page","link":"https:\/\/ute-wucherpfennig.de\/index.php\/medizinrecht\/zahn-arzthaftungsrecht\/","title":{"rendered":"(Zahn-) Arzthaftungsrecht"},"content":{"rendered":"\n<style type=\"text\/css\" data-created_by=\"avia_inline_auto\" id=\"style-css-av-av_image-a46bfb9eb44930ac78c0ec240404b474\">\n.avia-image-container.av-av_image-a46bfb9eb44930ac78c0ec240404b474 img.avia_image{\nbox-shadow:none;\n}\n.avia-image-container.av-av_image-a46bfb9eb44930ac78c0ec240404b474 .av-image-caption-overlay-center{\ncolor:#ffffff;\n}\n<\/style>\n<div  class='avia-image-container av-av_image-a46bfb9eb44930ac78c0ec240404b474 av-styling- avia-align-  avia-builder-el-0  el_before_av_one_full  avia-builder-el-first '   itemprop=\"image\" itemscope=\"itemscope\" itemtype=\"https:\/\/schema.org\/ImageObject\" ><div class=\"avia-image-container-inner\"><div class=\"avia-image-overlay-wrap\"><img class='wp-image-851 avia-img-lazy-loading-not-851 avia_image ' src=\"https:\/\/ute-wucherpfennig.de\/wp-content\/uploads\/2015\/08\/Medizinrecht_Bild2_4.jpg\" alt='' title='Medizinrecht_Bild2_4'  height=\"324\" width=\"1213\"  itemprop=\"thumbnailUrl\" srcset=\"https:\/\/ute-wucherpfennig.de\/wp-content\/uploads\/2015\/08\/Medizinrecht_Bild2_4.jpg 1213w, https:\/\/ute-wucherpfennig.de\/wp-content\/uploads\/2015\/08\/Medizinrecht_Bild2_4-300x80.jpg 300w, https:\/\/ute-wucherpfennig.de\/wp-content\/uploads\/2015\/08\/Medizinrecht_Bild2_4-1030x275.jpg 1030w, https:\/\/ute-wucherpfennig.de\/wp-content\/uploads\/2015\/08\/Medizinrecht_Bild2_4-705x188.jpg 705w, https:\/\/ute-wucherpfennig.de\/wp-content\/uploads\/2015\/08\/Medizinrecht_Bild2_4-1210x324.jpg 1210w, https:\/\/ute-wucherpfennig.de\/wp-content\/uploads\/2015\/08\/Medizinrecht_Bild2_4-450x120.jpg 450w\" sizes=\"(max-width: 1213px) 100vw, 1213px\" \/><\/div><\/div><\/div>\n<div class='flex_column av-av_one_full-2a9015ff38129c418a3f2eafba3e9512 av_one_full  avia-builder-el-1  el_after_av_image  el_before_av_one_fourth  first flex_column_div '     ><\/div>\n<div class='flex_column av-av_one_fourth-2a9015ff38129c418a3f2eafba3e9512 av_one_fourth  avia-builder-el-2  el_after_av_one_full  el_before_av_one_half  first flex_column_div column-top-margin'     ><\/div>\n\n<style type=\"text\/css\" data-created_by=\"avia_inline_auto\" id=\"style-css-av-av_one_half-2a64de42b738552fe666ca889af77e28\">\n.flex_column.av-av_one_half-2a64de42b738552fe666ca889af77e28{\n-webkit-border-radius:0px 0px 0px 0px;\n-moz-border-radius:0px 0px 0px 0px;\nborder-radius:0px 0px 0px 0px;\npadding:0px 0px 0px 0px;\n}\n<\/style>\n<div class='flex_column av-av_one_half-2a64de42b738552fe666ca889af77e28 av_one_half  avia-builder-el-3  el_after_av_one_fourth  el_before_av_one_fourth  flex_column_div av-zero-column-padding column-top-margin'     ><section  class='av_textblock_section av-av_textblock-0366cc7376be6c9e82a3e9cc8987b64f'  itemscope=\"itemscope\" itemtype=\"https:\/\/schema.org\/CreativeWork\" ><div class='avia_textblock'  itemprop=\"text\" ><h3 style=\"text-align: justify;\"><img loading=\"lazy\" class=\"alignnone size-full wp-image-369\" src=\"https:\/\/ute-wucherpfennig.de\/wp-content\/uploads\/2015\/08\/Wucherpfennig_Medizinrecht_Ikon.png\" alt=\"Wucherpfennig_Medizinrecht_Ikon\" width=\"130\" height=\"130\" srcset=\"https:\/\/ute-wucherpfennig.de\/wp-content\/uploads\/2015\/08\/Wucherpfennig_Medizinrecht_Ikon.png 130w, https:\/\/ute-wucherpfennig.de\/wp-content\/uploads\/2015\/08\/Wucherpfennig_Medizinrecht_Ikon-80x80.png 80w, https:\/\/ute-wucherpfennig.de\/wp-content\/uploads\/2015\/08\/Wucherpfennig_Medizinrecht_Ikon-36x36.png 36w, https:\/\/ute-wucherpfennig.de\/wp-content\/uploads\/2015\/08\/Wucherpfennig_Medizinrecht_Ikon-120x120.png 120w\" sizes=\"(max-width: 130px) 100vw, 130px\" \/><\/h3>\n<h3 style=\"text-align: justify;\"><strong>(Zahn-) Arzthaftungsrecht<\/strong><\/h3>\n<p style=\"text-align: justify;\">Haftungsverfahren sind f\u00fcr Patienten und Behandler \u00e4u\u00dferst belastend. Gerade wegen der pers\u00f6nlichen Betroffenheit aller Beteiligten ist eine sachliche rechtliche Aufarbeitung auf Basis der medizinisch-wissenschaftlichen Faktenlage geboten.<br \/>\nIm Verfahren ist den Besonderheiten der Beweislast im Arzthaftungsrecht besondere Aufmerksamkeit zu widmen.<\/p>\n<p style=\"text-align: justify;\">Die anwaltliche Vertretung durch Rechtsanw\u00e4ltin Ute-Brigitta Wucherpfennig umfasst sowohl Verfahren vor der Gutachterkommission, wie vor den Zivilgerichten (Amts-, Land- Oberlandesgericht).<\/p>\n<p style=\"text-align: justify;\">Die Wechselwirkung mit etwaig ebenfalls anh\u00e4ngigen strafrechtlichen <a href=\"https:\/\/ute-wucherpfennig.de\/index.php\/medizinrecht\/medizinrecht-2\/\">(Siehe auch Arztstrafrecht)<\/a> und berufsrechtlichen Verfahrensschritten ist zu ber\u00fccksichtigen.<\/p>\n<p style=\"text-align: justify;\">Die Verfahren werden selbstverst\u00e4ndlich in Abstimmung mit der jeweiligen Versicherung gef\u00fchrt.<\/p>\n<\/div><\/section><\/div>\n<style type=\"text\/css\" data-created_by=\"avia_inline_auto\" id=\"style-css-av-av_one_fourth-2a64de42b738552fe666ca889af77e28\">\n.flex_column.av-av_one_fourth-2a64de42b738552fe666ca889af77e28{\n-webkit-border-radius:0px 0px 0px 0px;\n-moz-border-radius:0px 0px 0px 0px;\nborder-radius:0px 0px 0px 0px;\npadding:0px 0px 0px 0px;\n}\n<\/style>\n<div class='flex_column av-av_one_fourth-2a64de42b738552fe666ca889af77e28 av_one_fourth  avia-builder-el-5  el_after_av_one_half  avia-builder-el-last  flex_column_div av-zero-column-padding column-top-margin'     ><section  class='av_textblock_section av-av_textblock-0366cc7376be6c9e82a3e9cc8987b64f'  itemscope=\"itemscope\" itemtype=\"https:\/\/schema.org\/CreativeWork\" ><div class='avia_textblock'  itemprop=\"text\" ><ul>\n<li><a href=\"https:\/\/ute-wucherpfennig.de\/index.php\/medizinrecht\/vertragsrecht-der-heilberufe\/\">Gesellschaftsrecht der Heilberufe Vertragsrecht der Heilberufe<\/a><\/li>\n<\/ul>\n<ul>\n<li><a href=\"https:\/\/ute-wucherpfennig.de\/index.php\/medizinrecht\/zahn-arzthaftungsrecht\/\">(Zahn-) Arzthaftungsrecht<\/a><\/li>\n<\/ul>\n<ul>\n<li><a href=\"https:\/\/ute-wucherpfennig.de\/index.php\/medizinrecht\/medizinrecht-2\/\">Arztstrafrecht<\/a><\/li>\n<\/ul>\n<\/div><\/section><\/div><\/p>\n","protected":false},"excerpt":{"rendered":"","protected":false},"author":5,"featured_media":0,"parent":152,"menu_order":2,"comment_status":"open","ping_status":"open","template":"","meta":[],"_links":{"self":[{"href":"https:\/\/ute-wucherpfennig.de\/index.php\/wp-json\/wp\/v2\/pages\/281"}],"collection":[{"href":"https:\/\/ute-wucherpfennig.de\/index.php\/wp-json\/wp\/v2\/pages"}],"about":[{"href":"https:\/\/ute-wucherpfennig.de\/index.php\/wp-json\/wp\/v2\/types\/page"}],"author":[{"embeddable":true,"href":"https:\/\/ute-wucherpfennig.de\/index.php\/wp-json\/wp\/v2\/users\/5"}],"replies":[{"embeddable":true,"href":"https:\/\/ute-wucherpfennig.de\/index.php\/wp-json\/wp\/v2\/comments?post=281"}],"version-history":[{"count":0,"href":"https:\/\/ute-wucherpfennig.de\/index.php\/wp-json\/wp\/v2\/pages\/281\/revisions"}],"up":[{"embeddable":true,"href":"https:\/\/ute-wucherpfennig.de\/index.php\/wp-json\/wp\/v2\/pages\/152"}],"wp:attachment":[{"href":"https:\/\/ute-wucherpfennig.de\/index.php\/wp-json\/wp\/v2\/media?parent=281"}],"curies":[{"name":"wp","href":"https:\/\/api.w.org\/{rel}","templated":true}]}}