{"id":270,"date":"2015-08-20T09:27:12","date_gmt":"2015-08-20T07:27:12","guid":{"rendered":"http:\/\/ute-wucherpfennig.de\/?page_id=270"},"modified":"2022-09-29T16:03:31","modified_gmt":"2022-09-29T14:03:31","slug":"steuerstrafrecht","status":"publish","type":"page","link":"https:\/\/ute-wucherpfennig.de\/index.php\/steuerrecht-3\/steuerstrafrecht\/","title":{"rendered":"Steuerstrafrecht"},"content":{"rendered":"\n<style type=\"text\/css\" data-created_by=\"avia_inline_auto\" id=\"style-css-av-19kz1y-56bafea80180df176b2eb71c33d46753\">\n.avia-image-container.av-19kz1y-56bafea80180df176b2eb71c33d46753 img.avia_image{\nbox-shadow:none;\n}\n.avia-image-container.av-19kz1y-56bafea80180df176b2eb71c33d46753 .av-image-caption-overlay-center{\ncolor:#ffffff;\n}\n<\/style>\n<div  class='avia-image-container av-19kz1y-56bafea80180df176b2eb71c33d46753 av-styling- avia-align-  avia-builder-el-0  el_before_av_one_full  avia-builder-el-first '   itemprop=\"image\" itemscope=\"itemscope\" itemtype=\"https:\/\/schema.org\/ImageObject\" ><div class=\"avia-image-container-inner\"><div class=\"avia-image-overlay-wrap\"><img class='wp-image-867 avia-img-lazy-loading-not-867 avia_image ' src=\"https:\/\/ute-wucherpfennig.de\/wp-content\/uploads\/2015\/08\/Steuerrecht_quer1_2.jpg\" alt='' title='Steuerrecht_quer1_2'  height=\"324\" width=\"1213\"  itemprop=\"thumbnailUrl\" srcset=\"https:\/\/ute-wucherpfennig.de\/wp-content\/uploads\/2015\/08\/Steuerrecht_quer1_2.jpg 1213w, https:\/\/ute-wucherpfennig.de\/wp-content\/uploads\/2015\/08\/Steuerrecht_quer1_2-300x80.jpg 300w, https:\/\/ute-wucherpfennig.de\/wp-content\/uploads\/2015\/08\/Steuerrecht_quer1_2-1030x275.jpg 1030w, https:\/\/ute-wucherpfennig.de\/wp-content\/uploads\/2015\/08\/Steuerrecht_quer1_2-705x188.jpg 705w, https:\/\/ute-wucherpfennig.de\/wp-content\/uploads\/2015\/08\/Steuerrecht_quer1_2-1210x324.jpg 1210w, https:\/\/ute-wucherpfennig.de\/wp-content\/uploads\/2015\/08\/Steuerrecht_quer1_2-450x120.jpg 450w\" sizes=\"(max-width: 1213px) 100vw, 1213px\" \/><\/div><\/div><\/div>\n<div class='flex_column av-116f2u-82ba45b6edd1ea19ce364fc51c8002b1 av_one_full  avia-builder-el-1  el_after_av_image  el_before_av_one_fourth  first flex_column_div '     ><\/div>\n<div class='flex_column av-x5vdi-8f7fbb5b2faf21d18560f306e19afa0b av_one_fourth  avia-builder-el-2  el_after_av_one_full  el_before_av_one_half  first flex_column_div column-top-margin'     ><\/div>\n<div class='flex_column av-qxi7q-6b0738499abba85962bfa9e96dadcc76 av_one_half  avia-builder-el-3  el_after_av_one_fourth  el_before_av_one_fourth  flex_column_div column-top-margin'     ><section  class='av_textblock_section av-iqyti-5c730f26fb0fe2eaa3c472eab359de8d'  itemscope=\"itemscope\" itemtype=\"https:\/\/schema.org\/CreativeWork\" ><div class='avia_textblock'  itemprop=\"text\" ><h3><img loading=\"lazy\" class=\"alignnone size-full wp-image-367\" src=\"https:\/\/ute-wucherpfennig.de\/wp-content\/uploads\/2015\/08\/Wucherpfennig_Steuerrecht_Ikon.png\" alt=\"Wucherpfennig_Steuerrecht_Ikon\" width=\"130\" height=\"130\" srcset=\"https:\/\/ute-wucherpfennig.de\/wp-content\/uploads\/2015\/08\/Wucherpfennig_Steuerrecht_Ikon.png 130w, https:\/\/ute-wucherpfennig.de\/wp-content\/uploads\/2015\/08\/Wucherpfennig_Steuerrecht_Ikon-80x80.png 80w, https:\/\/ute-wucherpfennig.de\/wp-content\/uploads\/2015\/08\/Wucherpfennig_Steuerrecht_Ikon-36x36.png 36w, https:\/\/ute-wucherpfennig.de\/wp-content\/uploads\/2015\/08\/Wucherpfennig_Steuerrecht_Ikon-120x120.png 120w\" sizes=\"(max-width: 130px) 100vw, 130px\" \/><\/h3>\n<h3><strong>Steuerstrafrecht<\/strong><\/h3>\n<p style=\"text-align: justify;\">Die T\u00e4tigkeit von Ute-Brigitta Wucherpfennig im <strong>Steuerstrafrecht<\/strong> erstreckt sich auf die Vertretung in den Verfahren, beginnend mit Durchsuchungsma\u00dfnahmen und Ma\u00dfnahmen der Steuerfahndung, \u00fcber die Verfahren vor dem Finanzamt f\u00fcr Steuerstrafsachen bis zu strafgerichtlichen Verfahren. H\u00e4ufig begleitet und erg\u00e4nzt wird\u00a0diese steuerstrafrechtliche Vertretung durch die Vertretung im finanzgerichtlichen Verfahren <a href=\"https:\/\/ute-wucherpfennig.de\/index.php\/steuerrecht-3\/\">(siehe auch Steuerrecht)<\/a>. Eine Koordination entsprechender Verfahrensschritte ist dringendst anzuraten. Bei Vertretung duch einen\u00a0ausschlie\u00dflich im Strafverfahren t\u00e4tigen Kollegen d\u00fcrfen\u00a0\u2013 bei h\u00e4ufig zeitlich vorgelagerten Strafverfahren \u2013 die Auswirkungen auf das Besteuerungsverfahren nicht unbeachtet bleiben.<\/p>\n<p style=\"text-align: justify;\">Hierbei ist stets zu ber\u00fccksichtigen, dass das Zusammenspiel von Strafrecht und Besteuerungsverfahren im Hinblick auf das strafrechtlich vorhandene \u201eRecht zum Schweigen\u201c, dem im Rahmen der Besteuerung die \u201ePflicht zur Mitwirkung\u201c gegen\u00fcber steht, eigene Anforderungen stellt.<\/p>\n<p style=\"text-align: justify;\">In den letzten Jahren war die steuerstrafrechtliche T\u00e4tigkeit von Rechtsanw\u00e4ltin Ute-Brigitta Wucherpfennig im Schwerpunkt auf die Erstattung strafbefreiender Selbstanzeigen im Zusammenhang mit Auslandsverm\u00f6gen gerichtet, die insgesamt erfolgreich abgeschlossen werden konnten.<\/p>\n<p style=\"text-align: justify;\">Auch f\u00fcr das Steuerstrafrecht, insbesondere soweit es durch Steuerfahndungsma\u00dfnahmen eingeleitet und durch das Finanzamt f\u00fcr Steuerstrafsachen gef\u00fchrt wird, gelten besondere \u201eSpielregeln\u201c, deren praktische Kenntnis unverzichtbar sind.<\/p>\n<p style=\"text-align: justify;\">H\u00e4ufig untersch\u00e4tzt wird, dass\u00a0auch das Verfahren vor dem Finanzamt f\u00fcr Steuerstrafsachen ein Strafverfahren ist, in dem Fehler zu erheblichen Konsequenzen f\u00fcr den Betroffenen f\u00fchren k\u00f6nnen. Dies gilt es durch fr\u00fchzeitige konsequente anwaltliche Begleitung zu verhindern.<\/p>\n<\/div><\/section><\/div><div class='flex_column av-dwdbq-df38329fd6f269e9f01f3643d1ab0464 av_one_fourth  avia-builder-el-5  el_after_av_one_half  avia-builder-el-last  flex_column_div column-top-margin'     ><section  class='av_textblock_section av-85ce6-666ccaa56db169c513ee3215d001db6c'  itemscope=\"itemscope\" itemtype=\"https:\/\/schema.org\/CreativeWork\" ><div class='avia_textblock'  itemprop=\"text\" ><ul>\n<li><a href=\"https:\/\/ute-wucherpfennig.de\/index.php\/steuerrecht-3\/steuerrecht\/\">Steuerrecht<\/a><\/li>\n<\/ul>\n<ul>\n<li><a href=\"https:\/\/ute-wucherpfennig.de\/index.php\/steuerrecht-3\/steuerstrafrecht\/\">Steuerstrafrecht<\/a><\/li>\n<\/ul>\n<ul>\n<li><a href=\"https:\/\/ute-wucherpfennig.de\/index.php\/steuerrecht-3\/berufsrecht-steuerberater\/\">Berufsrechts der Steuerberater<\/a><\/li>\n<\/ul>\n<\/div><\/section><\/div><\/p>\n","protected":false},"excerpt":{"rendered":"","protected":false},"author":5,"featured_media":0,"parent":266,"menu_order":2,"comment_status":"open","ping_status":"open","template":"","meta":[],"_links":{"self":[{"href":"https:\/\/ute-wucherpfennig.de\/index.php\/wp-json\/wp\/v2\/pages\/270"}],"collection":[{"href":"https:\/\/ute-wucherpfennig.de\/index.php\/wp-json\/wp\/v2\/pages"}],"about":[{"href":"https:\/\/ute-wucherpfennig.de\/index.php\/wp-json\/wp\/v2\/types\/page"}],"author":[{"embeddable":true,"href":"https:\/\/ute-wucherpfennig.de\/index.php\/wp-json\/wp\/v2\/users\/5"}],"replies":[{"embeddable":true,"href":"https:\/\/ute-wucherpfennig.de\/index.php\/wp-json\/wp\/v2\/comments?post=270"}],"version-history":[{"count":0,"href":"https:\/\/ute-wucherpfennig.de\/index.php\/wp-json\/wp\/v2\/pages\/270\/revisions"}],"up":[{"embeddable":true,"href":"https:\/\/ute-wucherpfennig.de\/index.php\/wp-json\/wp\/v2\/pages\/266"}],"wp:attachment":[{"href":"https:\/\/ute-wucherpfennig.de\/index.php\/wp-json\/wp\/v2\/media?parent=270"}],"curies":[{"name":"wp","href":"https:\/\/api.w.org\/{rel}","templated":true}]}}