{"id":2,"date":"2015-08-10T10:41:48","date_gmt":"2015-08-10T08:41:48","guid":{"rendered":"http:\/\/ute-wucherpfennig.de\/?page_id=2"},"modified":"2023-04-25T11:50:07","modified_gmt":"2023-04-25T09:50:07","slug":"beispiel-seite","status":"publish","type":"page","link":"https:\/\/ute-wucherpfennig.de\/","title":{"rendered":"Ute Wucherpfennig"},"content":{"rendered":"<div id='layer_slider_1'  class='avia-layerslider main_color avia-shadow  avia-builder-el-0  el_before_av_two_third  avia-builder-el-first  container_wrap sidebar_right'  style='height: 371px; max-width: 1140px; margin: 0 auto;'  ><\/div><div id='after_layer_slider_1'  class='main_color av_default_container_wrap container_wrap sidebar_right'  ><div class='container av-section-cont-open' ><div class='template-page content  av-content-small alpha units'><div class='post-entry post-entry-type-page post-entry-2'><div class='entry-content-wrapper clearfix'>\n<div class='flex_column av-1v5pk-94cdce82234eac7b86dae1c463b9b3c0 av_two_third  avia-builder-el-1  el_after_av_layerslider  el_before_av_one_third  avia-builder-el-first  first flex_column_div '     ><section  class='av_textblock_section av-1tooe-878aef4bb07b1a8715c64b65add15842'  itemscope=\"itemscope\" itemtype=\"https:\/\/schema.org\/CreativeWork\" ><div class='avia_textblock'  itemprop=\"text\" ><h3>Ute-Brigitta Wucherpfennig<br \/>\nRechtsanw\u00e4ltin \u00b7 Fachanw\u00e4ltin f\u00fcr Steuerrecht \u00b7 Fachanw\u00e4ltin f\u00fcr Medizinrecht<\/h3>\n<p><span style=\"color: #ffffff;\">.<\/span><\/p>\n<\/div><\/section><br \/>\n<section  class='av_textblock_section av-1r48w-288d14a6ab4aa5bffe0c4e5c1f14a502'  itemscope=\"itemscope\" itemtype=\"https:\/\/schema.org\/CreativeWork\" ><div class='avia_textblock'  itemprop=\"text\" ><p>Als Rechtsanw\u00e4ltin bin ich spezialisiert auf Steuerrecht, Medizinrecht, Gesellschaftsrecht sowie Erbrecht und Unternehmensnachfolge.<\/p>\n<p>Meinen Mandanten biete ich eine kompetente, pers\u00f6nliche und zielgerichtete Vertretung Ihrer Interessen.<\/p>\n<\/div><\/section><\/p><\/div>\n\n<style type=\"text\/css\" data-created_by=\"avia_inline_auto\" id=\"style-css-av-1p7x6-11d28c66260f4b275d338dfb32bb334f\">\n.flex_column.av-1p7x6-11d28c66260f4b275d338dfb32bb334f{\n-webkit-border-radius:0px 0px 0px 0px;\n-moz-border-radius:0px 0px 0px 0px;\nborder-radius:0px 0px 0px 0px;\npadding:0px 0px 0px 0px;\n}\n<\/style>\n<div class='flex_column av-1p7x6-11d28c66260f4b275d338dfb32bb334f av_one_third  avia-builder-el-4  el_after_av_two_third  el_before_av_section  avia-builder-el-last  flex_column_div av-zero-column-padding '     ><style type=\"text\/css\" data-created_by=\"avia_inline_auto\" id=\"style-css-av-1mkwc-423d927ee21be5e0472511430875bdd9\">\n.avia-image-container.av-1mkwc-423d927ee21be5e0472511430875bdd9 img.avia_image{\nbox-shadow:none;\n}\n.avia-image-container.av-1mkwc-423d927ee21be5e0472511430875bdd9 .av-image-caption-overlay-center{\ncolor:#ffffff;\n}\n<\/style>\n<div  class='avia-image-container av-1mkwc-423d927ee21be5e0472511430875bdd9 av-styling- avia-align-center  avia-builder-el-5  avia-builder-el-no-sibling '   itemprop=\"image\" itemscope=\"itemscope\" itemtype=\"https:\/\/schema.org\/ImageObject\" ><div class=\"avia-image-container-inner\"><div class=\"avia-image-overlay-wrap\"><img class='wp-image-838 avia-img-lazy-loading-not-838 avia_image ' src=\"https:\/\/ute-wucherpfennig.de\/wp-content\/uploads\/2015\/08\/Uta-Brigitta-Wucherpfennig2-300x203.jpg\" alt='' title='_Uta-Brigitta-Wucherpfennig2'  height=\"203\" width=\"300\"  itemprop=\"thumbnailUrl\" srcset=\"https:\/\/ute-wucherpfennig.de\/wp-content\/uploads\/2015\/08\/Uta-Brigitta-Wucherpfennig2-300x203.jpg 300w, https:\/\/ute-wucherpfennig.de\/wp-content\/uploads\/2015\/08\/Uta-Brigitta-Wucherpfennig2-705x477.jpg 705w, https:\/\/ute-wucherpfennig.de\/wp-content\/uploads\/2015\/08\/Uta-Brigitta-Wucherpfennig2-450x304.jpg 450w, https:\/\/ute-wucherpfennig.de\/wp-content\/uploads\/2015\/08\/Uta-Brigitta-Wucherpfennig2.jpg 1001w\" sizes=\"(max-width: 300px) 100vw, 300px\" \/><\/div><\/div><\/div><\/div>\n<\/div><\/div><\/div><!-- close content main div --><\/div><\/div>\n<style type=\"text\/css\" data-created_by=\"avia_inline_auto\" id=\"style-css-av-1l90q-ec8fd12d7fee247b10c6aa4346ce610d\">\n.avia-section.av-1l90q-ec8fd12d7fee247b10c6aa4346ce610d{\nbackground-color:#b5b4b3;\nbackground-image:unset;\n}\n<\/style>\n<div id='av_section_1'  class='avia-section av-1l90q-ec8fd12d7fee247b10c6aa4346ce610d main_color avia-section-small avia-shadow  avia-builder-el-6  el_after_av_one_third  el_before_av_one_full  avia-bg-style-scroll container_wrap sidebar_right'  ><div class='container av-section-cont-open' ><div class='template-page content  av-content-small alpha units'><div class='post-entry post-entry-type-page post-entry-2'><div class='entry-content-wrapper clearfix'>\n<div class='flex_column av-1indw-1c081537f890baf1f0e5c6ad79e3692d av_one_fourth  avia-builder-el-7  el_before_av_one_fourth  avia-builder-el-first  first flex_column_div '     ><p>\n<style type=\"text\/css\" data-created_by=\"avia_inline_auto\" id=\"style-css-av-1ge1a-c11a8e55a739d0592610dedbbeb6f503\">\n#top .av-special-heading.av-1ge1a-c11a8e55a739d0592610dedbbeb6f503{\npadding-bottom:19px;\n}\nbody .av-special-heading.av-1ge1a-c11a8e55a739d0592610dedbbeb6f503 .av-special-heading-tag .heading-char{\nfont-size:25px;\n}\n.av-special-heading.av-1ge1a-c11a8e55a739d0592610dedbbeb6f503 .av-subheading{\nfont-size:15px;\n}\n<\/style>\n<div  class='av-special-heading av-1ge1a-c11a8e55a739d0592610dedbbeb6f503 av-special-heading-h3 blockquote modern-quote modern-centered  avia-builder-el-8  el_before_av_image  avia-builder-el-first '><h3 class='av-special-heading-tag'  itemprop=\"headline\"  >Steuerrecht<\/h3><div class=\"special-heading-border\"><div class=\"special-heading-inner-border\"><\/div><\/div><\/div><br \/>\n\n<style type=\"text\/css\" data-created_by=\"avia_inline_auto\" id=\"style-css-av-1ecwi-25fa5eaa78748689715c3be4763e2318\">\n.avia-image-container.av-1ecwi-25fa5eaa78748689715c3be4763e2318 img.avia_image{\nbox-shadow:none;\n}\n.avia-image-container.av-1ecwi-25fa5eaa78748689715c3be4763e2318 .av-image-caption-overlay-center{\ncolor:#ffffff;\n}\n<\/style>\n<div  class='avia-image-container av-1ecwi-25fa5eaa78748689715c3be4763e2318 av-styling-no-styling avia-align-center  avia-builder-el-9  el_after_av_heading  avia-builder-el-last '   itemprop=\"image\" itemscope=\"itemscope\" itemtype=\"https:\/\/schema.org\/ImageObject\" ><div class=\"avia-image-container-inner\"><div class=\"avia-image-overlay-wrap\"><a href=\"https:\/\/ute-wucherpfennig.de\/index.php\/steuerrecht-3\/steuerrecht\/\" class='avia_image' ><img class='wp-image-547 avia-img-lazy-loading-not-547 avia_image ' src=\"https:\/\/ute-wucherpfennig.de\/wp-content\/uploads\/2015\/08\/Steuerrecht_Ikon.png\" alt='' title='Ute Wucherpfennig Fachanw\u00e4ltin f\u00fcr Steuerrecht'  height=\"130\" width=\"130\"  itemprop=\"thumbnailUrl\" srcset=\"https:\/\/ute-wucherpfennig.de\/wp-content\/uploads\/2015\/08\/Steuerrecht_Ikon.png 130w, https:\/\/ute-wucherpfennig.de\/wp-content\/uploads\/2015\/08\/Steuerrecht_Ikon-80x80.png 80w, https:\/\/ute-wucherpfennig.de\/wp-content\/uploads\/2015\/08\/Steuerrecht_Ikon-36x36.png 36w, https:\/\/ute-wucherpfennig.de\/wp-content\/uploads\/2015\/08\/Steuerrecht_Ikon-120x120.png 120w\" sizes=\"(max-width: 130px) 100vw, 130px\" \/><\/a><\/div><\/div><\/div><\/p><\/div>\n<style type=\"text\/css\" data-created_by=\"avia_inline_auto\" id=\"style-css-av-1c43m-da3bef0955517e1d708f7073e62d0153\">\n.flex_column.av-1c43m-da3bef0955517e1d708f7073e62d0153{\n-webkit-border-radius:0px 0px 0px 0px;\n-moz-border-radius:0px 0px 0px 0px;\nborder-radius:0px 0px 0px 0px;\npadding:0px 0px 0px 0px;\n}\n<\/style>\n<div class='flex_column av-1c43m-da3bef0955517e1d708f7073e62d0153 av_one_fourth  avia-builder-el-10  el_after_av_one_fourth  el_before_av_one_fourth  flex_column_div av-zero-column-padding '     ><p>\n<style type=\"text\/css\" data-created_by=\"avia_inline_auto\" id=\"style-css-av-gem-c28de5638a0ce51749f10337c44a801b\">\n#top .av-special-heading.av-gem-c28de5638a0ce51749f10337c44a801b{\npadding-bottom:19px;\n}\nbody .av-special-heading.av-gem-c28de5638a0ce51749f10337c44a801b .av-special-heading-tag .heading-char{\nfont-size:25px;\n}\n.av-special-heading.av-gem-c28de5638a0ce51749f10337c44a801b .av-subheading{\nfont-size:15px;\n}\n<\/style>\n<div  class='av-special-heading av-gem-c28de5638a0ce51749f10337c44a801b av-special-heading-h3 blockquote modern-quote modern-centered  avia-builder-el-11  el_before_av_image  avia-builder-el-first '><h3 class='av-special-heading-tag'  itemprop=\"headline\"  >Medizinrecht<\/h3><div class=\"special-heading-border\"><div class=\"special-heading-inner-border\"><\/div><\/div><\/div><br \/>\n\n<style type=\"text\/css\" data-created_by=\"avia_inline_auto\" id=\"style-css-av-18f1m-192f7329abe7d5ebc7882425b731fedb\">\n.avia-image-container.av-18f1m-192f7329abe7d5ebc7882425b731fedb img.avia_image{\nbox-shadow:none;\n}\n.avia-image-container.av-18f1m-192f7329abe7d5ebc7882425b731fedb .av-image-caption-overlay-center{\ncolor:#ffffff;\n}\n<\/style>\n<div  class='avia-image-container av-18f1m-192f7329abe7d5ebc7882425b731fedb av-styling-no-styling avia-align-center  avia-builder-el-12  el_after_av_heading  avia-builder-el-last '   itemprop=\"image\" itemscope=\"itemscope\" itemtype=\"https:\/\/schema.org\/ImageObject\" ><div class=\"avia-image-container-inner\"><div class=\"avia-image-overlay-wrap\"><a href=\"https:\/\/ute-wucherpfennig.de\/index.php\/medizinrecht\/vertragsrecht-der-heilberufe\/\" class='avia_image' ><img class='wp-image-548 avia-img-lazy-loading-not-548 avia_image ' src=\"https:\/\/ute-wucherpfennig.de\/wp-content\/uploads\/2015\/08\/Medizinrecht_Ikon.png\" alt='' title='Ute Wucherpfennig Fachanw\u00e4ltin f\u00fcr Medizinrecht'  height=\"130\" width=\"130\"  itemprop=\"thumbnailUrl\" srcset=\"https:\/\/ute-wucherpfennig.de\/wp-content\/uploads\/2015\/08\/Medizinrecht_Ikon.png 130w, https:\/\/ute-wucherpfennig.de\/wp-content\/uploads\/2015\/08\/Medizinrecht_Ikon-80x80.png 80w, https:\/\/ute-wucherpfennig.de\/wp-content\/uploads\/2015\/08\/Medizinrecht_Ikon-36x36.png 36w, https:\/\/ute-wucherpfennig.de\/wp-content\/uploads\/2015\/08\/Medizinrecht_Ikon-120x120.png 120w\" sizes=\"(max-width: 130px) 100vw, 130px\" \/><\/a><\/div><\/div><\/div><\/p><\/div>\n<style type=\"text\/css\" data-created_by=\"avia_inline_auto\" id=\"style-css-av-16s02-d49888caaf7061913ab02918c6123d71\">\n.flex_column.av-16s02-d49888caaf7061913ab02918c6123d71{\n-webkit-border-radius:0px 0px 0px 0px;\n-moz-border-radius:0px 0px 0px 0px;\nborder-radius:0px 0px 0px 0px;\npadding:0px 0px 0px 0px;\n}\n<\/style>\n<div class='flex_column av-16s02-d49888caaf7061913ab02918c6123d71 av_one_fourth  avia-builder-el-13  el_after_av_one_fourth  el_before_av_one_fourth  flex_column_div av-zero-column-padding '     ><p>\n<style type=\"text\/css\" data-created_by=\"avia_inline_auto\" id=\"style-css-av-14h5u-9e26032470054a5f291f0462d729591d\">\n#top .av-special-heading.av-14h5u-9e26032470054a5f291f0462d729591d{\npadding-bottom:19px;\n}\nbody .av-special-heading.av-14h5u-9e26032470054a5f291f0462d729591d .av-special-heading-tag .heading-char{\nfont-size:25px;\n}\n.av-special-heading.av-14h5u-9e26032470054a5f291f0462d729591d .av-subheading{\nfont-size:15px;\n}\n<\/style>\n<div  class='av-special-heading av-14h5u-9e26032470054a5f291f0462d729591d av-special-heading-h3 blockquote modern-quote modern-centered  avia-builder-el-14  el_before_av_image  avia-builder-el-first '><h3 class='av-special-heading-tag'  itemprop=\"headline\"  >Gesellschaftsrecht<\/h3><div class=\"special-heading-border\"><div class=\"special-heading-inner-border\"><\/div><\/div><\/div><br \/>\n\n<style type=\"text\/css\" data-created_by=\"avia_inline_auto\" id=\"style-css-av-12ijw-cca943f7a1a7bb4c9e22ba8911e89258\">\n.avia-image-container.av-12ijw-cca943f7a1a7bb4c9e22ba8911e89258 img.avia_image{\nbox-shadow:none;\n}\n.avia-image-container.av-12ijw-cca943f7a1a7bb4c9e22ba8911e89258 .av-image-caption-overlay-center{\ncolor:#ffffff;\n}\n<\/style>\n<div  class='avia-image-container av-12ijw-cca943f7a1a7bb4c9e22ba8911e89258 av-styling-no-styling avia-align-center  avia-builder-el-15  el_after_av_heading  avia-builder-el-last '   itemprop=\"image\" itemscope=\"itemscope\" itemtype=\"https:\/\/schema.org\/ImageObject\" ><div class=\"avia-image-container-inner\"><div class=\"avia-image-overlay-wrap\"><a href=\"https:\/\/ute-wucherpfennig.de\/index.php\/gesellschaftsrecht\/steuerrecht-2\/\" class='avia_image' ><img class='wp-image-539 avia-img-lazy-loading-not-539 avia_image ' src=\"https:\/\/ute-wucherpfennig.de\/wp-content\/uploads\/2015\/09\/Gesellschaftsrecht_Ikon.png\" alt='' title='Ute Wucherpfennig Fachanw\u00e4ltin f\u00fcr Gesellschaftsrecht'  height=\"130\" width=\"130\"  itemprop=\"thumbnailUrl\" srcset=\"https:\/\/ute-wucherpfennig.de\/wp-content\/uploads\/2015\/09\/Gesellschaftsrecht_Ikon.png 130w, https:\/\/ute-wucherpfennig.de\/wp-content\/uploads\/2015\/09\/Gesellschaftsrecht_Ikon-80x80.png 80w, https:\/\/ute-wucherpfennig.de\/wp-content\/uploads\/2015\/09\/Gesellschaftsrecht_Ikon-36x36.png 36w, https:\/\/ute-wucherpfennig.de\/wp-content\/uploads\/2015\/09\/Gesellschaftsrecht_Ikon-120x120.png 120w\" sizes=\"(max-width: 130px) 100vw, 130px\" \/><\/a><\/div><\/div><\/div><\/p><\/div>\n<style type=\"text\/css\" data-created_by=\"avia_inline_auto\" id=\"style-css-av-106e6-38376b532ac5611e36d46bd1edaa5f80\">\n.flex_column.av-106e6-38376b532ac5611e36d46bd1edaa5f80{\n-webkit-border-radius:0px 0px 0px 0px;\n-moz-border-radius:0px 0px 0px 0px;\nborder-radius:0px 0px 0px 0px;\npadding:0px 0px 0px 0px;\n}\n<\/style>\n<div class='flex_column av-106e6-38376b532ac5611e36d46bd1edaa5f80 av_one_fourth  avia-builder-el-16  el_after_av_one_fourth  avia-builder-el-last  flex_column_div av-zero-column-padding '     ><p>\n<style type=\"text\/css\" data-created_by=\"avia_inline_auto\" id=\"style-css-av-3ch0-c10aa0af7d30a04ad76e1d0112c8f14e\">\n#top .av-special-heading.av-3ch0-c10aa0af7d30a04ad76e1d0112c8f14e{\npadding-bottom:0;\n}\nbody .av-special-heading.av-3ch0-c10aa0af7d30a04ad76e1d0112c8f14e .av-special-heading-tag .heading-char{\nfont-size:25px;\n}\n.av-special-heading.av-3ch0-c10aa0af7d30a04ad76e1d0112c8f14e .av-subheading{\nfont-size:15px;\n}\n<\/style>\n<div  class='av-special-heading av-3ch0-c10aa0af7d30a04ad76e1d0112c8f14e av-special-heading-h3 blockquote modern-quote modern-centered  avia-builder-el-17  el_before_av_image  avia-builder-el-first '><h3 class='av-special-heading-tag'  itemprop=\"headline\"  >Erbrecht <span class='special_amp'>&amp;<\/span> Unternehmensnachfolge<\/h3><div class=\"special-heading-border\"><div class=\"special-heading-inner-border\"><\/div><\/div><\/div><br \/>\n\n<style type=\"text\/css\" data-created_by=\"avia_inline_auto\" id=\"style-css-av-v7sg-d7547daae321794fff53b3358f6e0b9d\">\n.avia-image-container.av-v7sg-d7547daae321794fff53b3358f6e0b9d img.avia_image{\nbox-shadow:none;\n}\n.avia-image-container.av-v7sg-d7547daae321794fff53b3358f6e0b9d .av-image-caption-overlay-center{\ncolor:#ffffff;\n}\n<\/style>\n<div  class='avia-image-container av-v7sg-d7547daae321794fff53b3358f6e0b9d av-styling-no-styling avia-align-center  avia-builder-el-18  el_after_av_heading  avia-builder-el-last '   itemprop=\"image\" itemscope=\"itemscope\" itemtype=\"https:\/\/schema.org\/ImageObject\" ><div class=\"avia-image-container-inner\"><div class=\"avia-image-overlay-wrap\"><a href=\"https:\/\/ute-wucherpfennig.de\/index.php\/erbschaftsteuer\/\" class='avia_image' ><img class='wp-image-549 avia-img-lazy-loading-not-549 avia_image ' src=\"https:\/\/ute-wucherpfennig.de\/wp-content\/uploads\/2015\/08\/Erbrecht_Ikon.png\" alt='' title='Ute Wucherpfennig Fachanw\u00e4ltin f\u00fcr Erbrecht'  height=\"130\" width=\"130\"  itemprop=\"thumbnailUrl\" srcset=\"https:\/\/ute-wucherpfennig.de\/wp-content\/uploads\/2015\/08\/Erbrecht_Ikon.png 130w, https:\/\/ute-wucherpfennig.de\/wp-content\/uploads\/2015\/08\/Erbrecht_Ikon-80x80.png 80w, https:\/\/ute-wucherpfennig.de\/wp-content\/uploads\/2015\/08\/Erbrecht_Ikon-36x36.png 36w, https:\/\/ute-wucherpfennig.de\/wp-content\/uploads\/2015\/08\/Erbrecht_Ikon-120x120.png 120w\" sizes=\"(max-width: 130px) 100vw, 130px\" \/><\/a><\/div><\/div><\/div><\/p><\/div>\n<\/div><\/div><\/div><!-- close content main div --><\/div><\/div><div id='after_section_1'  class='main_color av_default_container_wrap container_wrap sidebar_right'  ><div class='container av-section-cont-open' ><div class='template-page content  av-content-small alpha units'><div class='post-entry post-entry-type-page post-entry-2'><div class='entry-content-wrapper clearfix'>\n<div class='flex_column av-tzcg-8568054d81b1b2a3ffc7a15ee7d072fe av_one_full  avia-builder-el-19  el_after_av_section  el_before_av_two_third  avia-builder-el-first  first flex_column_div '     ><\/div>\n<div class='flex_column av-qo7a-b3aaac40420cfa200e35b14ece6ef60e av_two_third  avia-builder-el-20  el_after_av_one_full  el_before_av_one_third  first flex_column_div column-top-margin'     ><section  class='av_textblock_section av-pmsw-2c05cecda42aa3fe344ae749322d2c24'  itemscope=\"itemscope\" itemtype=\"https:\/\/schema.org\/CreativeWork\" ><div class='avia_textblock'  itemprop=\"text\" ><h3 style=\"text-align: justify;\"><strong>Zur Person<\/strong><\/h3>\n<p style=\"text-align: justify;\">Rechtsanw\u00e4ltin Ute-Brigitta Wucherpfennig ist seit 1990 selbst\u00e4ndige Rechtsanw\u00e4ltin mit Schwerpunkt im (Unternehmens-) Vertragsrecht, erg\u00e4nzt und vertieft durch die Fachanwaltschaften im Steuerrecht und Medizinrecht.<\/p>\n<p style=\"text-align: justify;\">Einer ihrer Beratungsschwerpunkte hat sich im Bereich der Heilberufe \u2013 und dort insbesondere im Gesellschaftsrecht der Heilberufe \u2013 sowie im Bereich der Heil- und Hilfsmittelerbringer (Reha) herausgebildet. Dem entspricht auch der seit 2009 bestehende Lehrauftrag im Fachbereich Medizin\u00f6konomie an der Rheinischen Fachhochschule K\u00f6ln gGmbH.<\/p>\n<p style=\"text-align: justify;\">Die eigene unternehmerische Kompetenz von Ute-Brigitta Wucherpfennig ergibt sich aus ihrer langj\u00e4hrigen \u2013 bis Juni 2015 bestehenden &#8211; ma\u00dfgeblichen Beteiligung als gesch\u00e4ftsf\u00fchrende Gesellschafterin einer wirtschaftsrechtlich ausgerichteten Soziet\u00e4t von Rechtsanw\u00e4lten, Steuerberatern und Wirtschaftspr\u00fcfern mit einer Vielzahl von Berufstr\u00e4gern und Mitarbeitern mit B\u00fcros in NRW, Rheinland-Pfalz, Th\u00fcringen und Berlin.<\/p>\n<p style=\"text-align: justify;\">Neben den ausgewiesenen Spezialgebieten und langj\u00e4hriger breiter anwaltlicher Berufserfahrung steht der Blick f\u00fcr das wirtschaftlich Sinnvolle und Machbare f\u00fcr Rechtsanw\u00e4ltin Ute-Brigitta Wucherpfennig immer im Vordergrund.<\/p>\n<p style=\"text-align: justify;\">Das schnelle und sichere Analysieren der Ausgangssituation durch Rechtsanw\u00e4ltin Ute-Brigitta Wucherpfennig f\u00fchrt zur zielgerichteten Beratung und L\u00f6sung Ihrer individuellen Fragestellung.<\/p>\n<\/div><\/section><\/div>\n\n<style type=\"text\/css\" data-created_by=\"avia_inline_auto\" id=\"style-css-av-mhas-5932503bcbe5d2ade672d357c683543e\">\n.flex_column.av-mhas-5932503bcbe5d2ade672d357c683543e{\n-webkit-border-radius:0px 0px 0px 0px;\n-moz-border-radius:0px 0px 0px 0px;\nborder-radius:0px 0px 0px 0px;\npadding:0px 0px 0px 0px;\n}\n<\/style>\n<div class='flex_column av-mhas-5932503bcbe5d2ade672d357c683543e av_one_third  avia-builder-el-22  el_after_av_two_third  el_before_av_textblock  flex_column_div av-zero-column-padding column-top-margin'     ><style type=\"text\/css\" data-created_by=\"avia_inline_auto\" id=\"style-css-av-jle8-5db1ed6fabd637257b53545011052107\">\n.avia-image-container.av-jle8-5db1ed6fabd637257b53545011052107 img.avia_image{\nbox-shadow:none;\n}\n.avia-image-container.av-jle8-5db1ed6fabd637257b53545011052107 .av-image-caption-overlay-center{\ncolor:#ffffff;\n}\n<\/style>\n<div  class='avia-image-container av-jle8-5db1ed6fabd637257b53545011052107 av-styling- avia-align-  avia-builder-el-23  avia-builder-el-no-sibling '   itemprop=\"image\" itemscope=\"itemscope\" itemtype=\"https:\/\/schema.org\/ImageObject\" ><div class=\"avia-image-container-inner\"><div class=\"avia-image-overlay-wrap\"><img class='wp-image-679 avia-img-lazy-loading-not-679 avia_image ' src=\"https:\/\/ute-wucherpfennig.de\/wp-content\/uploads\/2015\/08\/IMGP5104.jpg\" alt='' title='Ute Wucherpfennig Fachanw\u00e4ltin f\u00fcr Steuerrecht'  height=\"680\" width=\"1024\"  itemprop=\"thumbnailUrl\" srcset=\"https:\/\/ute-wucherpfennig.de\/wp-content\/uploads\/2015\/08\/IMGP5104.jpg 1024w, https:\/\/ute-wucherpfennig.de\/wp-content\/uploads\/2015\/08\/IMGP5104-300x199.jpg 300w, https:\/\/ute-wucherpfennig.de\/wp-content\/uploads\/2015\/08\/IMGP5104-705x468.jpg 705w, https:\/\/ute-wucherpfennig.de\/wp-content\/uploads\/2015\/08\/IMGP5104-450x299.jpg 450w\" sizes=\"(max-width: 1024px) 100vw, 1024px\" \/><\/div><\/div><\/div><\/div>\n<section  class='av_textblock_section av-hmbw-ed23c0742134f1982db7936c06ea1f4e'  itemscope=\"itemscope\" itemtype=\"https:\/\/schema.org\/CreativeWork\" ><div class='avia_textblock'  itemprop=\"text\" ><p><img loading=\"lazy\" class=\"aligncenter size-full wp-image-976\" src=\"https:\/\/ute-wucherpfennig.de\/wp-content\/uploads\/2015\/08\/Erbrecht_quer-1210x324-1.jpg\" alt=\"Erbrecht_quer-1210x324\" width=\"1210\" height=\"324\" srcset=\"https:\/\/ute-wucherpfennig.de\/wp-content\/uploads\/2015\/08\/Erbrecht_quer-1210x324-1.jpg 1210w, https:\/\/ute-wucherpfennig.de\/wp-content\/uploads\/2015\/08\/Erbrecht_quer-1210x324-1-300x80.jpg 300w, https:\/\/ute-wucherpfennig.de\/wp-content\/uploads\/2015\/08\/Erbrecht_quer-1210x324-1-768x206.jpg 768w, https:\/\/ute-wucherpfennig.de\/wp-content\/uploads\/2015\/08\/Erbrecht_quer-1210x324-1-1030x276.jpg 1030w, https:\/\/ute-wucherpfennig.de\/wp-content\/uploads\/2015\/08\/Erbrecht_quer-1210x324-1-705x189.jpg 705w, https:\/\/ute-wucherpfennig.de\/wp-content\/uploads\/2015\/08\/Erbrecht_quer-1210x324-1-450x120.jpg 450w\" sizes=\"(max-width: 1210px) 100vw, 1210px\" \/><\/p>\n<\/div><\/section>\n<div class='flex_column av-e93g-8273d750ab5a1a6a9a52d20d1a01c2ad av_one_half  avia-builder-el-25  el_after_av_textblock  el_before_av_one_half  first flex_column_div column-top-margin'     ><section  class='av_textblock_section av-c1oa-590b890906845c2ee8f481bf34dd691a'  itemscope=\"itemscope\" itemtype=\"https:\/\/schema.org\/CreativeWork\" ><div class='avia_textblock'  itemprop=\"text\" ><h3><strong>Kompetenzen<\/strong><\/h3>\n<p><strong>\u00a0<\/strong><\/p>\n<ul>\n<li>Fachanw\u00e4ltin f\u00fcr Steuerrecht<\/li>\n<li>Fachanw\u00e4ltin f\u00fcr Medizinrecht<\/li>\n<li>Mitglied der Arbeitsgemeinschaft Medizinrecht des Deutschen Anwaltsvereins<\/li>\n<li>Mitglied der Arbeitsgruppen der Arbeitsgemeinschaft Medizinrecht des Deutschen Anwaltsvereins\n<ul>\n<li>Arzthaftungsrecht<\/li>\n<li>Arztstrafrecht<\/li>\n<li>Vertragsgestaltung<\/li>\n<\/ul>\n<\/li>\n<li>Arbeitskreis Gesellschaftsrecht des K\u00f6lner Anwaltvereins<\/li>\n<li>T\u00e4tigkeit Gesellschafterbeirat<\/li>\n<\/ul>\n<\/div><\/section><\/div>\n<style type=\"text\/css\" data-created_by=\"avia_inline_auto\" id=\"style-css-av-9jv8-4449ef28756ae7f4b5f539bc19805017\">\n.flex_column.av-9jv8-4449ef28756ae7f4b5f539bc19805017{\n-webkit-border-radius:0px 0px 0px 0px;\n-moz-border-radius:0px 0px 0px 0px;\nborder-radius:0px 0px 0px 0px;\npadding:0px 0px 0px 0px;\n}\n<\/style>\n<div class='flex_column av-9jv8-4449ef28756ae7f4b5f539bc19805017 av_one_half  avia-builder-el-27  el_after_av_one_half  el_before_av_heading  flex_column_div av-zero-column-padding column-top-margin'     ><section  class='av_textblock_section av-8bbc-c9fe9b26d671d6e32219efd2e35a2038'  itemscope=\"itemscope\" itemtype=\"https:\/\/schema.org\/CreativeWork\" ><div class='avia_textblock'  itemprop=\"text\" ><p><a href=\"http:\/\/koelner-anwaltverein.de\/KoelnerAnwaltVerein-e.V\"><img loading=\"lazy\" class=\"aligncenter wp-image-842 size-full\" src=\"https:\/\/ute-wucherpfennig.de\/wp-content\/uploads\/2015\/08\/image001.jpg\" alt=\"Mitglied der Arbeitsgemeinschaft Medizinrecht\" width=\"182\" height=\"42\" srcset=\"https:\/\/ute-wucherpfennig.de\/wp-content\/uploads\/2015\/08\/image001.jpg 182w, https:\/\/ute-wucherpfennig.de\/wp-content\/uploads\/2015\/08\/image001-180x42.jpg 180w\" sizes=\"(max-width: 182px) 100vw, 182px\" \/><\/a><\/p>\n<\/div><\/section><\/div>\n<style type=\"text\/css\" data-created_by=\"avia_inline_auto\" id=\"style-css-av-eps-4ea8954656c7154c319d0f0791eab654\">\n#top .av-special-heading.av-eps-4ea8954656c7154c319d0f0791eab654{\npadding-bottom:0;\ncolor:#000000;\n}\nbody .av-special-heading.av-eps-4ea8954656c7154c319d0f0791eab654 .av-special-heading-tag .heading-char{\nfont-size:25px;\n}\n.av-special-heading.av-eps-4ea8954656c7154c319d0f0791eab654 .special-heading-inner-border{\nborder-color:#000000;\n}\n.av-special-heading.av-eps-4ea8954656c7154c319d0f0791eab654 .av-subheading{\nfont-size:15px;\n}\n<\/style>\n<div  class='av-special-heading av-eps-4ea8954656c7154c319d0f0791eab654 av-special-heading-h3 custom-color-heading blockquote modern-quote modern-centered  avia-builder-el-29  el_after_av_one_half  avia-builder-el-last '><h3 class='av-special-heading-tag'  itemprop=\"headline\"  ><span class='special_amp'>\u201e<\/span>In der Mitte von Schwierigkeiten liegen die M\u00f6glichkeiten.<span class='special_amp'>\u201c<\/span><\/h3><div class='av_custom_color av-subheading av-subheading_below'><p>In ihrer anwaltlichen T\u00e4tigkeit folgt Rechtsanw\u00e4ltin Ute-Brigitta Wucherpfennig der Erkenntnis von Albert Einstein.<\/p>\n<\/div><div class=\"special-heading-border\"><div class=\"special-heading-inner-border\"><\/div><\/div><\/div><\/p>\n","protected":false},"excerpt":{"rendered":"","protected":false},"author":5,"featured_media":0,"parent":0,"menu_order":1,"comment_status":"open","ping_status":"open","template":"","meta":[],"_links":{"self":[{"href":"https:\/\/ute-wucherpfennig.de\/index.php\/wp-json\/wp\/v2\/pages\/2"}],"collection":[{"href":"https:\/\/ute-wucherpfennig.de\/index.php\/wp-json\/wp\/v2\/pages"}],"about":[{"href":"https:\/\/ute-wucherpfennig.de\/index.php\/wp-json\/wp\/v2\/types\/page"}],"author":[{"embeddable":true,"href":"https:\/\/ute-wucherpfennig.de\/index.php\/wp-json\/wp\/v2\/users\/5"}],"replies":[{"embeddable":true,"href":"https:\/\/ute-wucherpfennig.de\/index.php\/wp-json\/wp\/v2\/comments?post=2"}],"version-history":[{"count":2,"href":"https:\/\/ute-wucherpfennig.de\/index.php\/wp-json\/wp\/v2\/pages\/2\/revisions"}],"predecessor-version":[{"id":1231,"href":"https:\/\/ute-wucherpfennig.de\/index.php\/wp-json\/wp\/v2\/pages\/2\/revisions\/1231"}],"wp:attachment":[{"href":"https:\/\/ute-wucherpfennig.de\/index.php\/wp-json\/wp\/v2\/media?parent=2"}],"curies":[{"name":"wp","href":"https:\/\/api.w.org\/{rel}","templated":true}]}}